{"id":4755,"date":"2026-05-03T21:44:44","date_gmt":"2026-05-03T19:44:44","guid":{"rendered":"https:\/\/inspace.io\/seo-services\/ki-seo"},"modified":"2026-05-03T22:11:25","modified_gmt":"2026-05-03T20:11:25","slug":"ki-seo","status":"publish","type":"page","link":"https:\/\/inspace.io\/de\/seo-dienstleistungen\/ki-seo","title":{"rendered":"KI SEO Services"},"content":{"rendered":"","protected":false},"excerpt":{"rendered":"","protected":false},"author":37,"featured_media":0,"parent":4497,"menu_order":57,"comment_status":"closed","ping_status":"closed","template":"templates\/seo-service.php","meta":{"_acf_changed":false,"_genesis_title":"","_genesis_description":"","footnotes":""},"class_list":["post-4755","page","type-page","status-publish","hentry"],"meta_all":{"rank_math_internal_links_processed":"1","seo_service_intro":"<p>InSpace hilft Unternehmen, ihre organische Sichtbarkeit mit skalierbaren KI-SEO-Services auszubauen. Mit unserer propriet\u00e4ren Plattform Nova automatisieren wir zentrale SEO-Workflows wie Strategie, Themen-Clustering, Content-Erstellung, technische Optimierung, Ver\u00f6ffentlichung, Tracking und kontinuierliche Verbesserung. Das Ergebnis ist ein effizienterer Weg, Suchpr\u00e4senz sowohl in klassischen Ergebnissen als auch in KI-gest\u00fctzten Discovery-Erlebnissen aufzubauen \u2013 ohne sich ausschlie\u00dflich auf langsame, manuelle Prozesse zu verlassen.<\/p>","seo_service_content_one_title":"Was unsere KI-SEO-Services abdecken","seo_service_content_one":"<p>Unser Service richtet sich an Marken, die eine konsistente SEO-Umsetzung, klarere Wachstumsm\u00f6glichkeiten und ein Abomodell w\u00fcnschen, das sich leichter planen l\u00e4sst als fragmentierte Einzelprojekte. Wenn Sie skalierbare Inhalte, st\u00e4rkere Kategorie- und Serviceseiten und eine bessere Vorbereitung auf KI-Antworten ben\u00f6tigen, sind Sie hier richtig.<\/p>\n<p>Unser Angebot kombiniert Plattformautomatisierung mit gemanagter SEO-Arbeit. Statt separater Tools und losgel\u00f6ster Workflows nutzen wir Nova, um die Kernaufgaben zu unterst\u00fctzen, die organisches Wachstum vorantreiben. F\u00fcr Automatisierung auf Plattformebene entdecken Sie <a href=\"https:\/\/inspace.io\/de\/seo-dienstleistungen\/ki-seo\">Automatisierte SEO-Software<\/a>.<\/p>\n<ul>\n  <li><strong>Automatisierung der SEO-Strategie<\/strong> - Ermittlung von Keyword- und Themenchancen und Organisation in nutzbare Cluster<\/li>\n  <li><strong><a href=\"https:\/\/inspace.io\/de\/features\/ki-content-erstellung\">KI-Content-Erstellung<\/a><\/strong> - Erstellung von Long-Tail- und fragenbasierten Artikeln, Service-Content, Kategorie-Hubs, Informationsseiten und standortbasierten Seiten<\/li>\n  <li><strong>Technische Optimierung<\/strong> - Unterst\u00fctzung von Verbesserungen, die Suchmaschinen und KI-Systemen helfen, Ihre Website besser zu verstehen und zu verarbeiten<\/li>\n  <li><strong>Unterst\u00fctzung bei der Ver\u00f6ffentlichung<\/strong> - Erm\u00f6glicht die Content-Bereitstellung in g\u00e4ngigen CMS-Umgebungen<\/li>\n  <li><strong>Tracking und Optimierung<\/strong> - Beginnend mit Reporting und anschlie\u00dfender Leistungsverbesserung durch laufende SEO-Arbeit<\/li>\n<\/ul>\n<p>F\u00fcr High-Scale-Szenarien setzen wir au\u00dferdem <a href=\"https:\/\/inspace.io\/de\/features\/programmatic-seo\">Programmatic-SEO-Funktionen<\/a> ein, um gro\u00dfe Seitensets effizient zu erzeugen und zu verwalten.<\/p>\n<p>Diese Struktur ist n\u00fctzlich f\u00fcr Unternehmen, die mehr Output ben\u00f6tigen, ohne die strategische Ausrichtung zu verlieren. Sie unterst\u00fctzt sowohl grundlegende SEO-Arbeiten als auch den wachsenden Bedarf, Seiten zu erstellen, die in KI-generierten Antworten auftauchen k\u00f6nnen.<\/p>","seo_service_video_title":"Einf\u00fchrung in NOVA","seo_service_video_intro":"So unterst\u00fctzt NOVA skalierbare, KI-gest\u00fctzte SEO auf Ihrer Website.","seo_service_content_two_title":"So funktioniert unser KI-SEO-Ansatz","seo_service_content_two":"<p>Traditionelle SEO st\u00fctzt sich h\u00e4ufig auf manuelle Recherche, manuelle Content-Planung und langsame Produktionszyklen. Dieser Ansatz kann funktionieren, wird jedoch schwer skalierbar, wenn Ihre Website Dutzende von Seiten, laufende Optimierung und eine schnellere Anpassung an Such\u00e4nderungen ben\u00f6tigt. F\u00fcr eine detailliertere Erkl\u00e4rung siehe unseren Vergleich von KI-SEO vs. traditioneller SEO.<\/p>\n<p>Unser KI-gest\u00fctzter SEO-Ansatz nutzt Automatisierung, um wiederholbare Arbeiten effizienter zu erledigen, w\u00e4hrend der Service weiterhin an realen Unternehmenszielen ausgerichtet bleibt. Das bedeutet schnellere Themensuche, skalierbarere Content-Workflows und einen klareren Weg von der Recherche zu ver\u00f6ffentlichten Assets. F\u00fcr wachsende Unternehmen ist dies oft der Unterschied zwischen isolierten SEO-Aufgaben und einem SEO-System, das sich im Laufe der Zeit verst\u00e4rkt.<\/p>\n<p>Das Suchverhalten hat sich \u00fcber zehn blaue Links hinaus erweitert. Unternehmen ben\u00f6tigen heute Inhalte, die in der klassischen organischen Suche performen und zugleich f\u00fcr KI-Antworten und generative Sucherlebnisse n\u00fctzlich sind. Unsere KI-SEO-Services sind mit diesem Wandel im Blick konzipiert.<\/p>\n<p>In der Praxis bedeutet das die Entwicklung von Assets wie Informationsseiten f\u00fcr KI-Antworten, fragengesteuerte Inhalte, gut strukturierte Serviceseiten und clusteroptimierte Hubs, die die thematische Relevanz st\u00e4rken. Das sind keine separaten Vanity-Deliverables, sondern praxisnahe Inhaltstypen, die Auffindbarkeit, Relevanz und Abdeckung sowohl in Suchmaschinen als auch in KI-gest\u00fctzten Sucherlebnissen verbessern k\u00f6nnen.<\/p>\n<p>Unser best\u00e4tigtes Liefermodell ist abonnementsbasiert und beginnt mit einer initialen Reporting-Phase, unterst\u00fctzt durch <a href=\"https:\/\/inspace.io\/de\/features\/performance-monitoring\">SEO-Performance-Monitoring<\/a> f\u00fcr Dashboards, KPI-Tracking und Berichte, gefolgt von laufender Optimierungsarbeit. Das schafft einen strukturierten Startpunkt und gibt Ihrem Unternehmen einen klareren Blick darauf, wo Wachstumsm\u00f6glichkeiten bestehen, bevor die Umsetzung skaliert. Zur Vorbereitung nutzen Sie unsere KI-SEO-Checkliste.<\/p>\n<p>Die Roadmap wird durch <a href=\"https:\/\/inspace.io\/de\/features\/holistische-seo-analyse\">Holistische SEO-Analysen<\/a> geleitet, die Initiativen priorisieren und eine KI-informierte SEO-Content-Strategie formen, sodass die Ausf\u00fchrung mit Wachstumszielen \u00fcbereinstimmt.<\/p>\n<p>Von dort aus konzentriert sich die Arbeit typischerweise auf die Seiten und Content-Formate, die f\u00fcr Sichtbarkeit und Conversion am wichtigsten sind. Je nach Umfang kann das Folgendes umfassen:<\/p>\n<ul>\n  <li><strong>Long-Tail-Artikel<\/strong> zur Erfassung gezielter Informationsnachfrage<\/li>\n  <li><strong>Conversion-ausgerichtete Serviceseiten<\/strong> zur Unterst\u00fctzung kommerzieller Intention<\/li>\n  <li><strong>Cluster-optimierte Kategorie-Hubs<\/strong> zum Aufbau thematischer Tiefe<\/li>\n  <li><strong>Standortseiten<\/strong> zur Unterst\u00fctzung geo-fokussierter Auffindbarkeit<\/li>\n  <li><strong>Informationsseiten f\u00fcr KI-Antworten<\/strong> zur Verbesserung der antwortorientierten Sichtbarkeit<\/li>\n<\/ul>\n<p>Dieser Ansatz eignet sich f\u00fcr Unternehmen, die SEO-Umsetzung kontinuierlich statt sporadisch w\u00fcnschen. Er erleichtert zudem, die Output-Planung an Wachstumspriorit\u00e4ten auszurichten, anstatt SEO als Sammlung isolierter Aufgaben zu behandeln.<\/p>","seo_service_mid_cta_intro":"Bereit, mit KI-SEO zu wachsen? Bauen wir ein skalierbares System, das sich \u00fcber die Zeit verst\u00e4rkt.","seo_service_content_three_title":"Warum sich Unternehmen f\u00fcr InSpace entscheiden","seo_service_content_three":"<p>InSpace ist f\u00fcr Unternehmen gemacht, die eine skalierbarere Alternative zu rein manueller SEO-Bereitstellung suchen. Unsere Haltung ist nicht nur, dass KI SEO unterst\u00fctzen kann, sondern dass die richtige Plattform Strategie und Umsetzung in einem gr\u00f6\u00dferen Content- und Optimierungsprogramm konsistenter macht.<\/p>\n<p>Nova ist zentral f\u00fcr dieses Modell. Es unterst\u00fctzt Strategie-Setup, Clustering, Content-Erstellung, Ver\u00f6ffentlichung, Recherche, Tracking und Optimierung in einem verbundenen Workflow. Zudem liefert es Einblicke wie Wettbewerbsanalysen, um Priorit\u00e4ten zu informieren und Entscheidungen zu verbessern.<\/p>\n<p>Unser besonderer Fokus liegt darauf, Marken durch praxisnahe, hochproduktive SEO-Systeme zu organischer Sichtbarkeit zu verhelfen \u2013 statt durch langsame, voneinander getrennte Deliverables. Wenn Ihr Ziel nachhaltiges Wachstum mit einem moderneren SEO-Betriebsmodell ist, ist unser Service genau darauf ausgerichtet.<\/p>\n<p>KI-SEO-Services sind besonders relevant f\u00fcr Unternehmen, die den Wert von organischem Wachstum bereits verstehen, aber mit der Arbeitslast k\u00e4mpfen, die f\u00fcr eine konsequente Umsetzung n\u00f6tig ist. H\u00e4ufige Fit-Signale sind begrenzte interne SEO-Kapazit\u00e4t, Druck, mehr Inhalte zu produzieren, und die Notwendigkeit, die Abh\u00e4ngigkeit von bezahlter Akquise zu reduzieren.<\/p>\n<p>Es kann besonders passend sein, wenn Ihr Team Folgendes m\u00f6chte:<\/p>\n<ul>\n  <li><strong>SEO-Content skalieren<\/strong>, ohne einen gro\u00dfen internen Produktionsprozess aufzubauen<\/li>\n  <li><strong>Effizienz verbessern<\/strong>, indem wiederkehrende SEO-Aufgaben automatisiert werden<\/li>\n  <li><strong>Organische Leadgenerierung st\u00e4rken<\/strong> mit strukturiertem, conversion-bewusstem Content<\/li>\n  <li><strong>Abdeckung erweitern<\/strong> \u00fcber Service-, Kategorie- und Standortintentionen hinweg<\/li>\n  <li><strong>F\u00fcr KI-getriebene Discovery vorbereiten<\/strong> mit antwortfokussierten Content-Assets<\/li>\n<\/ul>\n<p>Wenn Sie breitere Rollout-Optionen \u00fcber diesen Service hinaus pr\u00fcfen, entdecken Sie unsere <a href=\"https:\/\/inspace.io\/de\/seo-dienstleistungen\/skalierbare-seo-software\">skalierbaren SEO-Services<\/a>.<\/p>","seo_service_faq_title":"FAQ zu KI-SEO","seo_service_faq_intro":"","seo_service_faqs":"4","seo_service_faqs_0_question":"Was sind KI-SEO-Services?","seo_service_faqs_0_answer":"KI-SEO-Services nutzen Automatisierung, um Kernaufgaben der SEO wie Recherche, Clustering, Content-Strategie, Optimierung, Ver\u00f6ffentlichung und Tracking zu unterst\u00fctzen. Ziel ist es, Effizienz und Skalierung zu verbessern, w\u00e4hrend die Arbeit weiterhin auf Suchsichtbarkeit und Unternehmenswachstum ausgerichtet bleibt.","seo_service_faqs_1_question":"Geht es bei KI-SEO-Services nur um die Content-Erstellung?","seo_service_faqs_1_answer":"Nein. Content ist ein Teil des Services, aber die best\u00e4tigte Lieferung umfasst auch Strategieautomatisierung, technische Optimierung, Unterst\u00fctzung bei der Ver\u00f6ffentlichung, Reporting und laufende Optimierungsarbeit. Ein starker KI-SEO-Service sollte den gesamten Workflow verbessern, nicht nur Text produzieren.","seo_service_faqs_2_question":"Kann KI-SEO bei der Sichtbarkeit in KI-Antworten helfen?","seo_service_faqs_2_answer":"Ja, wenn die Arbeit Content-Formate umfasst, die f\u00fcr antwortorientierte Discovery entwickelt sind. InSpace bietet Deliverables wie Informationsseiten f\u00fcr KI-Antworten, fragenbasierte Artikel und clusterfokussierte Content-Strukturen, die eine breitere Suchsichtbarkeit unterst\u00fctzen.","seo_service_faqs_3_question":"Handelt es sich um ein einmaliges Projekt oder um einen laufenden Service?","seo_service_faqs_3_answer":"Das best\u00e4tigte Modell ist abonnementsbasiert. Es beginnt mit einer initialen Reporting-Phase und setzt sich mit laufender Optimierungsarbeit fort. Dadurch eignet es sich besser f\u00fcr Unternehmen, die kontinuierlichen SEO-Fortschritt w\u00fcnschen statt einer einmaligen Lieferung. Sie k\u00f6nnen auch die Preise pr\u00fcfen, wenn Sie n\u00e4chste kommerzielle Details bewerten.","rank_math_title":"KI-SEO-Services f\u00fcr skalierbares organisches Wachstum | InSpace","rank_math_description":"KI-SEO-Services von InSpace kombinieren Automatisierung und fachliche Steuerung, um Content, technische Optimierung und Sichtbarkeit in KI-gest\u00fctzten Suchergebnissen \u00fcber Ihre gesamte Website zu skalieren. Nova verbindet Strategie, Erstellung, Ver\u00f6ffentlichung, Tracking und laufende Verbesserung in einem Workflow.","meta_title":"KI-SEO-Services f\u00fcr skalierbares organisches Wachstum | InSpace","meta_description":"KI-SEO-Services von InSpace kombinieren Automatisierung und fachliche Steuerung, um Content, technische Optimierung und Sichtbarkeit in KI-gest\u00fctzten Suchergebnissen \u00fcber Ihre gesamte Website zu skalieren. Nova verbindet Strategie, Erstellung, Ver\u00f6ffentlichung, Tracking und laufende Verbesserung in einem Workflow."},"meta_all_flat":{"rank_math_internal_links_processed":"1","seo_service_intro":"<p>InSpace hilft Unternehmen, ihre organische Sichtbarkeit mit skalierbaren KI-SEO-Services auszubauen. Mit unserer propriet\u00e4ren Plattform Nova automatisieren wir zentrale SEO-Workflows wie Strategie, Themen-Clustering, Content-Erstellung, technische Optimierung, Ver\u00f6ffentlichung, Tracking und kontinuierliche Verbesserung. Das Ergebnis ist ein effizienterer Weg, Suchpr\u00e4senz sowohl in klassischen Ergebnissen als auch in KI-gest\u00fctzten Discovery-Erlebnissen aufzubauen \u2013 ohne sich ausschlie\u00dflich auf langsame, manuelle Prozesse zu verlassen.<\/p>","seo_service_content_one_title":"Was unsere KI-SEO-Services abdecken","seo_service_content_one":"<p>Unser Service richtet sich an Marken, die eine konsistente SEO-Umsetzung, klarere Wachstumsm\u00f6glichkeiten und ein Abomodell w\u00fcnschen, das sich leichter planen l\u00e4sst als fragmentierte Einzelprojekte. Wenn Sie skalierbare Inhalte, st\u00e4rkere Kategorie- und Serviceseiten und eine bessere Vorbereitung auf KI-Antworten ben\u00f6tigen, sind Sie hier richtig.<\/p>\n<p>Unser Angebot kombiniert Plattformautomatisierung mit gemanagter SEO-Arbeit. Statt separater Tools und losgel\u00f6ster Workflows nutzen wir Nova, um die Kernaufgaben zu unterst\u00fctzen, die organisches Wachstum vorantreiben. F\u00fcr Automatisierung auf Plattformebene entdecken Sie <a href=\"https:\/\/inspace.io\/de\/seo-dienstleistungen\/ki-seo\">Automatisierte SEO-Software<\/a>.<\/p>\n<ul>\n  <li><strong>Automatisierung der SEO-Strategie<\/strong> - Ermittlung von Keyword- und Themenchancen und Organisation in nutzbare Cluster<\/li>\n  <li><strong><a href=\"https:\/\/inspace.io\/de\/features\/ki-content-erstellung\">KI-Content-Erstellung<\/a><\/strong> - Erstellung von Long-Tail- und fragenbasierten Artikeln, Service-Content, Kategorie-Hubs, Informationsseiten und standortbasierten Seiten<\/li>\n  <li><strong>Technische Optimierung<\/strong> - Unterst\u00fctzung von Verbesserungen, die Suchmaschinen und KI-Systemen helfen, Ihre Website besser zu verstehen und zu verarbeiten<\/li>\n  <li><strong>Unterst\u00fctzung bei der Ver\u00f6ffentlichung<\/strong> - Erm\u00f6glicht die Content-Bereitstellung in g\u00e4ngigen CMS-Umgebungen<\/li>\n  <li><strong>Tracking und Optimierung<\/strong> - Beginnend mit Reporting und anschlie\u00dfender Leistungsverbesserung durch laufende SEO-Arbeit<\/li>\n<\/ul>\n<p>F\u00fcr High-Scale-Szenarien setzen wir au\u00dferdem <a href=\"https:\/\/inspace.io\/de\/features\/programmatic-seo\">Programmatic-SEO-Funktionen<\/a> ein, um gro\u00dfe Seitensets effizient zu erzeugen und zu verwalten.<\/p>\n<p>Diese Struktur ist n\u00fctzlich f\u00fcr Unternehmen, die mehr Output ben\u00f6tigen, ohne die strategische Ausrichtung zu verlieren. Sie unterst\u00fctzt sowohl grundlegende SEO-Arbeiten als auch den wachsenden Bedarf, Seiten zu erstellen, die in KI-generierten Antworten auftauchen k\u00f6nnen.<\/p>","seo_service_video_title":"Einf\u00fchrung in NOVA","seo_service_video_intro":"So unterst\u00fctzt NOVA skalierbare, KI-gest\u00fctzte SEO auf Ihrer Website.","seo_service_content_two_title":"So funktioniert unser KI-SEO-Ansatz","seo_service_content_two":"<p>Traditionelle SEO st\u00fctzt sich h\u00e4ufig auf manuelle Recherche, manuelle Content-Planung und langsame Produktionszyklen. Dieser Ansatz kann funktionieren, wird jedoch schwer skalierbar, wenn Ihre Website Dutzende von Seiten, laufende Optimierung und eine schnellere Anpassung an Such\u00e4nderungen ben\u00f6tigt. F\u00fcr eine detailliertere Erkl\u00e4rung siehe unseren Vergleich von KI-SEO vs. traditioneller SEO.<\/p>\n<p>Unser KI-gest\u00fctzter SEO-Ansatz nutzt Automatisierung, um wiederholbare Arbeiten effizienter zu erledigen, w\u00e4hrend der Service weiterhin an realen Unternehmenszielen ausgerichtet bleibt. Das bedeutet schnellere Themensuche, skalierbarere Content-Workflows und einen klareren Weg von der Recherche zu ver\u00f6ffentlichten Assets. F\u00fcr wachsende Unternehmen ist dies oft der Unterschied zwischen isolierten SEO-Aufgaben und einem SEO-System, das sich im Laufe der Zeit verst\u00e4rkt.<\/p>\n<p>Das Suchverhalten hat sich \u00fcber zehn blaue Links hinaus erweitert. Unternehmen ben\u00f6tigen heute Inhalte, die in der klassischen organischen Suche performen und zugleich f\u00fcr KI-Antworten und generative Sucherlebnisse n\u00fctzlich sind. Unsere KI-SEO-Services sind mit diesem Wandel im Blick konzipiert.<\/p>\n<p>In der Praxis bedeutet das die Entwicklung von Assets wie Informationsseiten f\u00fcr KI-Antworten, fragengesteuerte Inhalte, gut strukturierte Serviceseiten und clusteroptimierte Hubs, die die thematische Relevanz st\u00e4rken. Das sind keine separaten Vanity-Deliverables, sondern praxisnahe Inhaltstypen, die Auffindbarkeit, Relevanz und Abdeckung sowohl in Suchmaschinen als auch in KI-gest\u00fctzten Sucherlebnissen verbessern k\u00f6nnen.<\/p>\n<p>Unser best\u00e4tigtes Liefermodell ist abonnementsbasiert und beginnt mit einer initialen Reporting-Phase, unterst\u00fctzt durch <a href=\"https:\/\/inspace.io\/de\/features\/performance-monitoring\">SEO-Performance-Monitoring<\/a> f\u00fcr Dashboards, KPI-Tracking und Berichte, gefolgt von laufender Optimierungsarbeit. Das schafft einen strukturierten Startpunkt und gibt Ihrem Unternehmen einen klareren Blick darauf, wo Wachstumsm\u00f6glichkeiten bestehen, bevor die Umsetzung skaliert. Zur Vorbereitung nutzen Sie unsere KI-SEO-Checkliste.<\/p>\n<p>Die Roadmap wird durch <a href=\"https:\/\/inspace.io\/de\/features\/holistische-seo-analyse\">Holistische SEO-Analysen<\/a> geleitet, die Initiativen priorisieren und eine KI-informierte SEO-Content-Strategie formen, sodass die Ausf\u00fchrung mit Wachstumszielen \u00fcbereinstimmt.<\/p>\n<p>Von dort aus konzentriert sich die Arbeit typischerweise auf die Seiten und Content-Formate, die f\u00fcr Sichtbarkeit und Conversion am wichtigsten sind. Je nach Umfang kann das Folgendes umfassen:<\/p>\n<ul>\n  <li><strong>Long-Tail-Artikel<\/strong> zur Erfassung gezielter Informationsnachfrage<\/li>\n  <li><strong>Conversion-ausgerichtete Serviceseiten<\/strong> zur Unterst\u00fctzung kommerzieller Intention<\/li>\n  <li><strong>Cluster-optimierte Kategorie-Hubs<\/strong> zum Aufbau thematischer Tiefe<\/li>\n  <li><strong>Standortseiten<\/strong> zur Unterst\u00fctzung geo-fokussierter Auffindbarkeit<\/li>\n  <li><strong>Informationsseiten f\u00fcr KI-Antworten<\/strong> zur Verbesserung der antwortorientierten Sichtbarkeit<\/li>\n<\/ul>\n<p>Dieser Ansatz eignet sich f\u00fcr Unternehmen, die SEO-Umsetzung kontinuierlich statt sporadisch w\u00fcnschen. Er erleichtert zudem, die Output-Planung an Wachstumspriorit\u00e4ten auszurichten, anstatt SEO als Sammlung isolierter Aufgaben zu behandeln.<\/p>","seo_service_mid_cta_intro":"Bereit, mit KI-SEO zu wachsen? Bauen wir ein skalierbares System, das sich \u00fcber die Zeit verst\u00e4rkt.","seo_service_content_three_title":"Warum sich Unternehmen f\u00fcr InSpace entscheiden","seo_service_content_three":"<p>InSpace ist f\u00fcr Unternehmen gemacht, die eine skalierbarere Alternative zu rein manueller SEO-Bereitstellung suchen. Unsere Haltung ist nicht nur, dass KI SEO unterst\u00fctzen kann, sondern dass die richtige Plattform Strategie und Umsetzung in einem gr\u00f6\u00dferen Content- und Optimierungsprogramm konsistenter macht.<\/p>\n<p>Nova ist zentral f\u00fcr dieses Modell. Es unterst\u00fctzt Strategie-Setup, Clustering, Content-Erstellung, Ver\u00f6ffentlichung, Recherche, Tracking und Optimierung in einem verbundenen Workflow. Zudem liefert es Einblicke wie Wettbewerbsanalysen, um Priorit\u00e4ten zu informieren und Entscheidungen zu verbessern.<\/p>\n<p>Unser besonderer Fokus liegt darauf, Marken durch praxisnahe, hochproduktive SEO-Systeme zu organischer Sichtbarkeit zu verhelfen \u2013 statt durch langsame, voneinander getrennte Deliverables. Wenn Ihr Ziel nachhaltiges Wachstum mit einem moderneren SEO-Betriebsmodell ist, ist unser Service genau darauf ausgerichtet.<\/p>\n<p>KI-SEO-Services sind besonders relevant f\u00fcr Unternehmen, die den Wert von organischem Wachstum bereits verstehen, aber mit der Arbeitslast k\u00e4mpfen, die f\u00fcr eine konsequente Umsetzung n\u00f6tig ist. H\u00e4ufige Fit-Signale sind begrenzte interne SEO-Kapazit\u00e4t, Druck, mehr Inhalte zu produzieren, und die Notwendigkeit, die Abh\u00e4ngigkeit von bezahlter Akquise zu reduzieren.<\/p>\n<p>Es kann besonders passend sein, wenn Ihr Team Folgendes m\u00f6chte:<\/p>\n<ul>\n  <li><strong>SEO-Content skalieren<\/strong>, ohne einen gro\u00dfen internen Produktionsprozess aufzubauen<\/li>\n  <li><strong>Effizienz verbessern<\/strong>, indem wiederkehrende SEO-Aufgaben automatisiert werden<\/li>\n  <li><strong>Organische Leadgenerierung st\u00e4rken<\/strong> mit strukturiertem, conversion-bewusstem Content<\/li>\n  <li><strong>Abdeckung erweitern<\/strong> \u00fcber Service-, Kategorie- und Standortintentionen hinweg<\/li>\n  <li><strong>F\u00fcr KI-getriebene Discovery vorbereiten<\/strong> mit antwortfokussierten Content-Assets<\/li>\n<\/ul>\n<p>Wenn Sie breitere Rollout-Optionen \u00fcber diesen Service hinaus pr\u00fcfen, entdecken Sie unsere <a href=\"https:\/\/inspace.io\/de\/seo-dienstleistungen\/skalierbare-seo-software\">skalierbaren SEO-Services<\/a>.<\/p>","seo_service_faq_title":"FAQ zu KI-SEO","seo_service_faq_intro":"","seo_service_faqs":"4","seo_service_faqs_0_question":"Was sind KI-SEO-Services?","seo_service_faqs_0_answer":"KI-SEO-Services nutzen Automatisierung, um Kernaufgaben der SEO wie Recherche, Clustering, Content-Strategie, Optimierung, Ver\u00f6ffentlichung und Tracking zu unterst\u00fctzen. Ziel ist es, Effizienz und Skalierung zu verbessern, w\u00e4hrend die Arbeit weiterhin auf Suchsichtbarkeit und Unternehmenswachstum ausgerichtet bleibt.","seo_service_faqs_1_question":"Geht es bei KI-SEO-Services nur um die Content-Erstellung?","seo_service_faqs_1_answer":"Nein. Content ist ein Teil des Services, aber die best\u00e4tigte Lieferung umfasst auch Strategieautomatisierung, technische Optimierung, Unterst\u00fctzung bei der Ver\u00f6ffentlichung, Reporting und laufende Optimierungsarbeit. Ein starker KI-SEO-Service sollte den gesamten Workflow verbessern, nicht nur Text produzieren.","seo_service_faqs_2_question":"Kann KI-SEO bei der Sichtbarkeit in KI-Antworten helfen?","seo_service_faqs_2_answer":"Ja, wenn die Arbeit Content-Formate umfasst, die f\u00fcr antwortorientierte Discovery entwickelt sind. InSpace bietet Deliverables wie Informationsseiten f\u00fcr KI-Antworten, fragenbasierte Artikel und clusterfokussierte Content-Strukturen, die eine breitere Suchsichtbarkeit unterst\u00fctzen.","seo_service_faqs_3_question":"Handelt es sich um ein einmaliges Projekt oder um einen laufenden Service?","seo_service_faqs_3_answer":"Das best\u00e4tigte Modell ist abonnementsbasiert. Es beginnt mit einer initialen Reporting-Phase und setzt sich mit laufender Optimierungsarbeit fort. Dadurch eignet es sich besser f\u00fcr Unternehmen, die kontinuierlichen SEO-Fortschritt w\u00fcnschen statt einer einmaligen Lieferung. Sie k\u00f6nnen auch die Preise pr\u00fcfen, wenn Sie n\u00e4chste kommerzielle Details bewerten.","rank_math_title":"KI-SEO-Services f\u00fcr skalierbares organisches Wachstum | InSpace","rank_math_description":"KI-SEO-Services von InSpace kombinieren Automatisierung und fachliche Steuerung, um Content, technische Optimierung und Sichtbarkeit in KI-gest\u00fctzten Suchergebnissen \u00fcber Ihre gesamte Website zu skalieren. Nova verbindet Strategie, Erstellung, Ver\u00f6ffentlichung, Tracking und laufende Verbesserung in einem Workflow.","meta_title":"KI-SEO-Services f\u00fcr skalierbares organisches Wachstum | InSpace","meta_description":"KI-SEO-Services von InSpace kombinieren Automatisierung und fachliche Steuerung, um Content, technische Optimierung und Sichtbarkeit in KI-gest\u00fctzten Suchergebnissen \u00fcber Ihre gesamte Website zu skalieren. Nova verbindet Strategie, Erstellung, Ver\u00f6ffentlichung, Tracking und laufende Verbesserung in einem Workflow."},"acf":[],"_links":{"self":[{"href":"https:\/\/inspace.io\/de\/wp-json\/wp\/v2\/pages\/4755","targetHints":{"allow":["GET"]}}],"collection":[{"href":"https:\/\/inspace.io\/de\/wp-json\/wp\/v2\/pages"}],"about":[{"href":"https:\/\/inspace.io\/de\/wp-json\/wp\/v2\/types\/page"}],"author":[{"embeddable":true,"href":"https:\/\/inspace.io\/de\/wp-json\/wp\/v2\/users\/37"}],"replies":[{"embeddable":true,"href":"https:\/\/inspace.io\/de\/wp-json\/wp\/v2\/comments?post=4755"}],"version-history":[{"count":1,"href":"https:\/\/inspace.io\/de\/wp-json\/wp\/v2\/pages\/4755\/revisions"}],"predecessor-version":[{"id":4843,"href":"https:\/\/inspace.io\/de\/wp-json\/wp\/v2\/pages\/4755\/revisions\/4843"}],"up":[{"embeddable":true,"href":"https:\/\/inspace.io\/de\/wp-json\/wp\/v2\/pages\/4497"}],"wp:attachment":[{"href":"https:\/\/inspace.io\/de\/wp-json\/wp\/v2\/media?parent=4755"}],"curies":[{"name":"wp","href":"https:\/\/api.w.org\/{rel}","templated":true}]}}