{"id":4745,"date":"2026-05-03T21:44:43","date_gmt":"2026-05-03T19:44:43","guid":{"rendered":"https:\/\/inspace.io\/seo-services\/mehrsprachige-seo"},"modified":"2026-05-03T22:11:02","modified_gmt":"2026-05-03T20:11:02","slug":"mehrsprachige-seo","status":"publish","type":"page","link":"https:\/\/inspace.io\/de\/seo-dienstleistungen\/mehrsprachige-seo","title":{"rendered":"Mehrsprachige SEO-Services"},"content":{"rendered":"","protected":false},"excerpt":{"rendered":"<p>Expand into new markets without creating technical SEO issues that hold your site back. Our multilingual SEO services help businesses manage multi-language site structures, indexing signals, and international search visibility with a scalable, AI-powered approach. If you are growing across countries, languages, or storefronts, we help turn complexity into a cleaner path to organic growth.<\/p>\n","protected":false},"author":37,"featured_media":0,"parent":4497,"menu_order":61,"comment_status":"closed","ping_status":"closed","template":"templates\/seo-service.php","meta":{"_acf_changed":false,"_genesis_title":"","_genesis_description":"","footnotes":""},"class_list":["post-4745","page","type-page","status-publish","hentry"],"meta_all":{"rank_math_internal_links_processed":"1","rank_math_title":"Mehrsprachige SEO-Services f\u00fcr internationales Wachstum | InSpace","rank_math_description":"Erh\u00f6hen Sie Ihre Sichtbarkeit \u00fcber Sprachgrenzen hinweg mit den mehrsprachigen SEO-Services von InSpace. Wir unterst\u00fctzen mehrsprachige Seitenstrukturen, hreflang, Canonical-Tags und die Steuerung der Indexierung f\u00fcr skalierbares internationales SEO.","meta_title":"Mehrsprachige SEO-Services f\u00fcr internationales Wachstum | InSpace","meta_description":"Erh\u00f6hen Sie Ihre Sichtbarkeit \u00fcber Sprachgrenzen hinweg mit den mehrsprachigen SEO-Services von InSpace. Wir unterst\u00fctzen mehrsprachige Seitenstrukturen, hreflang, Canonical-Tags und die Steuerung der Indexierung f\u00fcr skalierbares internationales SEO.","seo_service_intro":"<p>Erschlie\u00dfen Sie neue M\u00e4rkte, ohne technische SEO-Probleme zu erzeugen, die Ihre Website ausbremsen. Unsere mehrsprachigen SEO-Services helfen Unternehmen, mehrsprachige Seitenstrukturen, Indexierungssignale und internationale Sichtbarkeit in der Suche mit einem skalierbaren, KI-gest\u00fctzten Ansatz zu steuern. Wenn Sie \u00fcber L\u00e4nder, Sprachen oder Stores hinweg wachsen, verwandeln wir Komplexit\u00e4t in einen klareren Weg zu organischem Wachstum.<\/p>","seo_service_video_title":"Einf\u00fchrung in NOVA","seo_service_video_intro":"So unterst\u00fctzt NOVA mehrsprachige SEO in gro\u00dfem Ma\u00dfstab","seo_service_content_one_title":"Was unsere mehrsprachigen SEO-Services abdecken","seo_service_content_one":"<p>Mehrsprachige SEO bedeutet nicht nur, \u00fcbersetzte Seiten hinzuzuf\u00fcgen. Suchmaschinen ben\u00f6tigen weiterhin klare Signale, um zu verstehen, welche Version einer Seite indexiert werden soll, welche Zielgruppe sie bedient und wie Sprachvarianten zueinander in Beziehung stehen.<\/p>\n<p>Bei InSpace konzentriert sich unsere Unterst\u00fctzung f\u00fcr mehrsprachige SEO auf die technische Ebene, die internationales Wachstum nachhaltig macht. Wir helfen Unternehmen, mehrsprachige Websites zu strukturieren und zu optimieren, damit sie mit weniger Indexierungskonflikten, saubererem Targeting und besserer Sichtbarkeit \u00fcber M\u00e4rkte hinweg skalieren k\u00f6nnen. Dies wird durch unsere technische Optimierung f\u00fcr mehrsprachige Websites (hreflang, Sitemaps, Indexierung) untermauert.<\/p>\n<p>Unser Angebot konzentriert sich auf die Bereiche, die wir f\u00fcr mehrsprachige und multiregionale Websites offiziell unterst\u00fctzen.<\/p>\n<ul>\n  <li><strong>Hreflang-Implementierungsunterst\u00fctzung<\/strong> - Hilft Suchmaschinen, die richtige Sprach- oder L\u00e4nderversion einer Seite auszuliefern.<\/li>\n  <li><strong>Management von Canonical-Tags<\/strong> - Reduziert Duplikationsprobleme \u00fcber \u00e4hnliche oder lokalisierte Seiten hinweg.<\/li>\n  <li><strong>Noindex-Management<\/strong> - H\u00e4lt bei Bedarf Seiten mit geringem Wert oder ohne strategische Relevanz aus dem Index.<\/li>\n  <li><strong>Unterst\u00fctzung f\u00fcr mehrsprachige Seitenarchitektur<\/strong> - Verbessert das SEO-Setup f\u00fcr komplexe internationale Site-Architekturen.<\/li>\n  <li><strong>Technische Optimierung f\u00fcr mehrsprachige Umgebungen<\/strong> - Unterst\u00fctzt skalierbare SEO-Ausf\u00fchrung \u00fcber wachsende Website-Footprints hinweg.<\/li>\n  <li><strong>E-Commerce-SEO f\u00fcr internationale Shops<\/strong> - Unterst\u00fctzt Shops mit mehrsprachigen und mehrw\u00e4hrungsf\u00e4higen SEO-Anforderungen.<\/li>\n<\/ul>\n<p>Planen Sie Rollouts \u00fcber mehrere Sprachen oder gro\u00dfe Sets an Landingpages? Entdecken Sie unsere <a href=\"https:\/\/inspace.io\/de\/features\/programmatic-seo\">Programmatic SEO zur Skalierung von L\u00e4nder- und Sprach-Landingpages<\/a>.<\/p>","seo_service_content_two_title":"Wo mehrsprachige SEO den gr\u00f6\u00dften Nutzen schafft","seo_service_content_two":"<p>Dieser Service ist besonders relevant, wenn Ihre Website \u00fcber einen einzelnen Markt hinausw\u00e4chst und das technische Setup die Performance beeintr\u00e4chtigt.<\/p>\n<ul>\n  <li><strong>SaaS-Websites<\/strong> mit mehrsprachigen Landingpages, die sauberes hreflang und Indexierungssteuerung ben\u00f6tigen<\/li>\n  <li><strong>Enterprise-Websites<\/strong> mit gro\u00dfen, komplexen Sprachstrukturen in gro\u00dfem Ma\u00dfstab<\/li>\n  <li><strong>Internationale E-Commerce-Shops<\/strong> f\u00fcr Nutzer \u00fcber Sprachen, W\u00e4hrungen und Storefront-Varianten hinweg<\/li>\n<\/ul>\n<p>Wenn Ihr Team mit doppelten Versionen, unklarer Indexierung oder einer schwer zu verwaltenden Seitenstruktur zu k\u00e4mpfen hat, wird mehrsprachige SEO von einem Nice-to-have zu einer Wachstumsanforderung. F\u00fcr templatebasierte Multi-Market-Landingpages kann Programmatic SEO mehrsprachige Rollouts straffen.<\/p>\n<p>F\u00fcr Markterschlie\u00dfung und L\u00e4nderstrategie, die die mehrsprachige Implementierung erg\u00e4nzt, siehe unsere <a href=\"https:\/\/inspace.io\/de\/seo-dienstleistungen\/internationales-seo\">Internationalen SEO-Services f\u00fcr Multi\u2011Market\u2011Wachstum<\/a>.<\/p>\n<h2>Warum technische mehrsprachige SEO wichtig ist<\/h2>\n<p>Internationale Expansion erzeugt oft leise SEO-Probleme. Seiten konkurrieren miteinander, die falsche L\u00e4nderversion rankt, oder wertvolle Inhalte werden nicht wie vorgesehen indexiert. Diese Probleme sind in gro\u00dfem Ma\u00dfstab schwer zu erkennen und teuer, wenn sie ungel\u00f6st bleiben.<\/p>\n<p>Ein starkes mehrsprachiges Setup hilft Suchmaschinen, Ihre Website korrekt zu interpretieren. Es bietet Ihrem Marketing zudem eine bessere Grundlage f\u00fcr eine <a href=\"https:\/\/inspace.io\/de\/features\/content-strategie\">Content-Strategie, die auf Lokalisierung und Marktnuancen ausgerichtet ist<\/a>, f\u00fcr Lokalisierung und f\u00fcr den Landingpage-Ausbau \u00fcber Regionen hinweg. Anstatt Probleme Markt f\u00fcr Markt zu flicken, bauen Sie ein Rahmenwerk, das Expansion von Beginn an unterst\u00fctzt.<\/p>\n<h2>Unser Ansatz<\/h2>\n<p>InSpace kombiniert KI-gest\u00fctzte SEO-Workflows mit Expertenaufsicht, um technische SEO skalierbarer zu machen. In mehrsprachigen Umgebungen bedeutet das, die Systeme und Signale zu unterst\u00fctzen, die gro\u00dfen oder wachsenden Websites beim organisierten Ausbau helfen \u2013 fundiert durch robuste hreflang-Implementierung und internationale technische SEO. F\u00fcr Produktion und Betrieb in gro\u00dfem Ma\u00dfstab mit lokaler Nuance unterst\u00fctzen wir <a href=\"https:\/\/inspace.io\/de\/features\/ki-content-erstellung\">KI-Content-Erstellung f\u00fcr mehrsprachige Inhalte in gro\u00dfem Ma\u00dfstab<\/a>.<\/p>\n<p>Wir fokussieren uns auf praxisnahe Umsetzung, die zu Ihrer Seitenstruktur, Ihrem Content-Footprint und Ihren Wachstumszielen passt. Das ist besonders wertvoll f\u00fcr Teams, die eine effizientere Alternative zu langsamen, manuellen SEO-Prozessen suchen und dennoch die strategische Kontrolle behalten m\u00f6chten. Zudem liefern wir wettbewerbliche Analysen \u00fcber M\u00e4rkte hinweg, um l\u00e4nder- und sprachspezifische Chancen sichtbar zu machen.<\/p>","seo_service_mid_cta_intro":"Wenn Sie \u00fcber Sprachen hinweg wachsen m\u00f6chten, ohne sich auf fragmentierte manuelle Fixes zu verlassen, hilft Ihnen InSpace, einen skalierbareren organischen Vorteil aufzubauen.","seo_service_content_three_title":"Was Sie von dem richtigen Setup f\u00fcr mehrsprachige SEO erwarten k\u00f6nnen","seo_service_content_three":"<ul>\n  <li><strong>Klareres Sprach-Targeting<\/strong>, damit Suchmaschinen Seitenbeziehungen verstehen<\/li>\n  <li><strong>St\u00e4rkere Indexierungssteuerung<\/strong> \u00fcber \u00fcbersetzte, lokalisierte oder duplizierte Seitensets hinweg<\/li>\n  <li><strong>Bessere Skalierbarkeit<\/strong>, wenn neue Sprachen, Kategorien oder Landingpages hinzukommen<\/li>\n  <li><strong>Weniger technische Konflikte<\/strong> zwischen regionalen oder Sprachvarianten<\/li>\n  <li><strong>Eine st\u00e4rkere Basis f\u00fcr organisches Wachstum<\/strong> in internationalen M\u00e4rkten<\/li>\n<\/ul>\n<p>Messen Sie den Impact mit einheitlichem Reporting und KPI-Transparenz pro Sprache und Land \u00fcber <a href=\"https:\/\/inspace.io\/de\/features\/performance-monitoring\">Performance-Monitoring \u00fcber L\u00e4nder und Sprachen hinweg<\/a>.<\/p>\n<h2>Mehrsprachige SEO-Services f\u00fcr wachstumsorientierte Teams<\/h2>\n<p>Ob Sie eine SaaS-Website ausbauen, ein Enterprise-Content-\u00d6kosystem managen oder einen internationalen Shop skalieren: Mehrsprachige SEO muss technisch sauber sein, bevor sie kommerziell performen kann. Wir helfen Teams, dieses Fundament mit einem fokussierten Ansatz f\u00fcr hreflang, Canonical-Tags, Noindex-Management und mehrsprachige SEO-Struktur zu schaffen. Wenn Sie WordPress in einem mehrsprachigen Setup betreiben, unterst\u00fctzen wir auch WordPress-SEO f\u00fcr Mehrsprachigkeit. F\u00fcr ein breiteres Engagement siehe unsere SEO-Services.<\/p>\n<p>Wenn Sie \u00fcber Sprachen hinweg wachsen m\u00f6chten, ohne sich auf fragmentierte manuelle Fixes zu verlassen, hilft Ihnen InSpace, einen skalierbareren organischen Vorteil aufzubauen.<\/p>\n<p>Buchen Sie eine Beratung f\u00fcr mehrsprachige SEO<\/p>","seo_service_faq_title":"FAQ","seo_service_faq_intro":"","seo_service_faqs":"4","seo_service_faqs_0_question":"Was ist in den mehrsprachigen SEO-Services enthalten?","seo_service_faqs_0_answer":"Bei InSpace konzentrieren sich die mehrsprachigen SEO-Services auf technische SEO-Unterst\u00fctzung f\u00fcr mehrsprachige Websites. Dazu geh\u00f6ren Unterst\u00fctzung bei der Implementierung von hreflang, das Management von Canonical-Tags, Noindex-Management sowie Unterst\u00fctzung f\u00fcr mehrsprachige Seitenstrukturen.","seo_service_faqs_1_question":"Unterst\u00fctzen Sie mehrsprachige SEO f\u00fcr E-Commerce-Websites?","seo_service_faqs_1_answer":"Ja. Unsere E-Commerce-SEO-Unterst\u00fctzung ist relevant f\u00fcr internationale Shops, die mehrsprachige und mehrw\u00e4hrungsf\u00e4hige SEO-Anforderungen haben.","seo_service_faqs_2_question":"K\u00f6nnen Sie bei gro\u00dfen mehrsprachigen Seitenstrukturen helfen?","seo_service_faqs_2_answer":"Ja. Mehrsprachige SEO-Unterst\u00fctzung ist besonders relevant f\u00fcr gr\u00f6\u00dfere Websites, bei denen Sprachversionen, Indexierung und Struktur in gro\u00dfem Ma\u00dfstab komplexer werden.","seo_service_faqs_3_question":"Geht es bei mehrsprachiger SEO nur um \u00dcbersetzung?","seo_service_faqs_3_answer":"Nein. \u00dcbersetzung allein l\u00f6st keine Probleme bei Indexierung, Duplizierung oder Sprach-Targeting. Mehrsprachige SEO ben\u00f6tigt auch die richtigen technischen Signale, damit Suchmaschinen die korrekte Version jeder Seite verstehen und ranken k\u00f6nnen \u2013 insbesondere, da sich die Suche mit AI-SEO, generativer Suchmaschinenoptimierung und Erlebnissen wie Google AI Overviews weiterentwickelt."},"meta_all_flat":{"rank_math_internal_links_processed":"1","rank_math_title":"Mehrsprachige SEO-Services f\u00fcr internationales Wachstum | InSpace","rank_math_description":"Erh\u00f6hen Sie Ihre Sichtbarkeit \u00fcber Sprachgrenzen hinweg mit den mehrsprachigen SEO-Services von InSpace. Wir unterst\u00fctzen mehrsprachige Seitenstrukturen, hreflang, Canonical-Tags und die Steuerung der Indexierung f\u00fcr skalierbares internationales SEO.","meta_title":"Mehrsprachige SEO-Services f\u00fcr internationales Wachstum | InSpace","meta_description":"Erh\u00f6hen Sie Ihre Sichtbarkeit \u00fcber Sprachgrenzen hinweg mit den mehrsprachigen SEO-Services von InSpace. Wir unterst\u00fctzen mehrsprachige Seitenstrukturen, hreflang, Canonical-Tags und die Steuerung der Indexierung f\u00fcr skalierbares internationales SEO.","seo_service_intro":"<p>Erschlie\u00dfen Sie neue M\u00e4rkte, ohne technische SEO-Probleme zu erzeugen, die Ihre Website ausbremsen. Unsere mehrsprachigen SEO-Services helfen Unternehmen, mehrsprachige Seitenstrukturen, Indexierungssignale und internationale Sichtbarkeit in der Suche mit einem skalierbaren, KI-gest\u00fctzten Ansatz zu steuern. Wenn Sie \u00fcber L\u00e4nder, Sprachen oder Stores hinweg wachsen, verwandeln wir Komplexit\u00e4t in einen klareren Weg zu organischem Wachstum.<\/p>","seo_service_video_title":"Einf\u00fchrung in NOVA","seo_service_video_intro":"So unterst\u00fctzt NOVA mehrsprachige SEO in gro\u00dfem Ma\u00dfstab","seo_service_content_one_title":"Was unsere mehrsprachigen SEO-Services abdecken","seo_service_content_one":"<p>Mehrsprachige SEO bedeutet nicht nur, \u00fcbersetzte Seiten hinzuzuf\u00fcgen. Suchmaschinen ben\u00f6tigen weiterhin klare Signale, um zu verstehen, welche Version einer Seite indexiert werden soll, welche Zielgruppe sie bedient und wie Sprachvarianten zueinander in Beziehung stehen.<\/p>\n<p>Bei InSpace konzentriert sich unsere Unterst\u00fctzung f\u00fcr mehrsprachige SEO auf die technische Ebene, die internationales Wachstum nachhaltig macht. Wir helfen Unternehmen, mehrsprachige Websites zu strukturieren und zu optimieren, damit sie mit weniger Indexierungskonflikten, saubererem Targeting und besserer Sichtbarkeit \u00fcber M\u00e4rkte hinweg skalieren k\u00f6nnen. Dies wird durch unsere technische Optimierung f\u00fcr mehrsprachige Websites (hreflang, Sitemaps, Indexierung) untermauert.<\/p>\n<p>Unser Angebot konzentriert sich auf die Bereiche, die wir f\u00fcr mehrsprachige und multiregionale Websites offiziell unterst\u00fctzen.<\/p>\n<ul>\n  <li><strong>Hreflang-Implementierungsunterst\u00fctzung<\/strong> - Hilft Suchmaschinen, die richtige Sprach- oder L\u00e4nderversion einer Seite auszuliefern.<\/li>\n  <li><strong>Management von Canonical-Tags<\/strong> - Reduziert Duplikationsprobleme \u00fcber \u00e4hnliche oder lokalisierte Seiten hinweg.<\/li>\n  <li><strong>Noindex-Management<\/strong> - H\u00e4lt bei Bedarf Seiten mit geringem Wert oder ohne strategische Relevanz aus dem Index.<\/li>\n  <li><strong>Unterst\u00fctzung f\u00fcr mehrsprachige Seitenarchitektur<\/strong> - Verbessert das SEO-Setup f\u00fcr komplexe internationale Site-Architekturen.<\/li>\n  <li><strong>Technische Optimierung f\u00fcr mehrsprachige Umgebungen<\/strong> - Unterst\u00fctzt skalierbare SEO-Ausf\u00fchrung \u00fcber wachsende Website-Footprints hinweg.<\/li>\n  <li><strong>E-Commerce-SEO f\u00fcr internationale Shops<\/strong> - Unterst\u00fctzt Shops mit mehrsprachigen und mehrw\u00e4hrungsf\u00e4higen SEO-Anforderungen.<\/li>\n<\/ul>\n<p>Planen Sie Rollouts \u00fcber mehrere Sprachen oder gro\u00dfe Sets an Landingpages? Entdecken Sie unsere <a href=\"https:\/\/inspace.io\/de\/features\/programmatic-seo\">Programmatic SEO zur Skalierung von L\u00e4nder- und Sprach-Landingpages<\/a>.<\/p>","seo_service_content_two_title":"Wo mehrsprachige SEO den gr\u00f6\u00dften Nutzen schafft","seo_service_content_two":"<p>Dieser Service ist besonders relevant, wenn Ihre Website \u00fcber einen einzelnen Markt hinausw\u00e4chst und das technische Setup die Performance beeintr\u00e4chtigt.<\/p>\n<ul>\n  <li><strong>SaaS-Websites<\/strong> mit mehrsprachigen Landingpages, die sauberes hreflang und Indexierungssteuerung ben\u00f6tigen<\/li>\n  <li><strong>Enterprise-Websites<\/strong> mit gro\u00dfen, komplexen Sprachstrukturen in gro\u00dfem Ma\u00dfstab<\/li>\n  <li><strong>Internationale E-Commerce-Shops<\/strong> f\u00fcr Nutzer \u00fcber Sprachen, W\u00e4hrungen und Storefront-Varianten hinweg<\/li>\n<\/ul>\n<p>Wenn Ihr Team mit doppelten Versionen, unklarer Indexierung oder einer schwer zu verwaltenden Seitenstruktur zu k\u00e4mpfen hat, wird mehrsprachige SEO von einem Nice-to-have zu einer Wachstumsanforderung. F\u00fcr templatebasierte Multi-Market-Landingpages kann Programmatic SEO mehrsprachige Rollouts straffen.<\/p>\n<p>F\u00fcr Markterschlie\u00dfung und L\u00e4nderstrategie, die die mehrsprachige Implementierung erg\u00e4nzt, siehe unsere <a href=\"https:\/\/inspace.io\/de\/seo-dienstleistungen\/internationales-seo\">Internationalen SEO-Services f\u00fcr Multi\u2011Market\u2011Wachstum<\/a>.<\/p>\n<h2>Warum technische mehrsprachige SEO wichtig ist<\/h2>\n<p>Internationale Expansion erzeugt oft leise SEO-Probleme. Seiten konkurrieren miteinander, die falsche L\u00e4nderversion rankt, oder wertvolle Inhalte werden nicht wie vorgesehen indexiert. Diese Probleme sind in gro\u00dfem Ma\u00dfstab schwer zu erkennen und teuer, wenn sie ungel\u00f6st bleiben.<\/p>\n<p>Ein starkes mehrsprachiges Setup hilft Suchmaschinen, Ihre Website korrekt zu interpretieren. Es bietet Ihrem Marketing zudem eine bessere Grundlage f\u00fcr eine <a href=\"https:\/\/inspace.io\/de\/features\/content-strategie\">Content-Strategie, die auf Lokalisierung und Marktnuancen ausgerichtet ist<\/a>, f\u00fcr Lokalisierung und f\u00fcr den Landingpage-Ausbau \u00fcber Regionen hinweg. Anstatt Probleme Markt f\u00fcr Markt zu flicken, bauen Sie ein Rahmenwerk, das Expansion von Beginn an unterst\u00fctzt.<\/p>\n<h2>Unser Ansatz<\/h2>\n<p>InSpace kombiniert KI-gest\u00fctzte SEO-Workflows mit Expertenaufsicht, um technische SEO skalierbarer zu machen. In mehrsprachigen Umgebungen bedeutet das, die Systeme und Signale zu unterst\u00fctzen, die gro\u00dfen oder wachsenden Websites beim organisierten Ausbau helfen \u2013 fundiert durch robuste hreflang-Implementierung und internationale technische SEO. F\u00fcr Produktion und Betrieb in gro\u00dfem Ma\u00dfstab mit lokaler Nuance unterst\u00fctzen wir <a href=\"https:\/\/inspace.io\/de\/features\/ki-content-erstellung\">KI-Content-Erstellung f\u00fcr mehrsprachige Inhalte in gro\u00dfem Ma\u00dfstab<\/a>.<\/p>\n<p>Wir fokussieren uns auf praxisnahe Umsetzung, die zu Ihrer Seitenstruktur, Ihrem Content-Footprint und Ihren Wachstumszielen passt. Das ist besonders wertvoll f\u00fcr Teams, die eine effizientere Alternative zu langsamen, manuellen SEO-Prozessen suchen und dennoch die strategische Kontrolle behalten m\u00f6chten. Zudem liefern wir wettbewerbliche Analysen \u00fcber M\u00e4rkte hinweg, um l\u00e4nder- und sprachspezifische Chancen sichtbar zu machen.<\/p>","seo_service_mid_cta_intro":"Wenn Sie \u00fcber Sprachen hinweg wachsen m\u00f6chten, ohne sich auf fragmentierte manuelle Fixes zu verlassen, hilft Ihnen InSpace, einen skalierbareren organischen Vorteil aufzubauen.","seo_service_content_three_title":"Was Sie von dem richtigen Setup f\u00fcr mehrsprachige SEO erwarten k\u00f6nnen","seo_service_content_three":"<ul>\n  <li><strong>Klareres Sprach-Targeting<\/strong>, damit Suchmaschinen Seitenbeziehungen verstehen<\/li>\n  <li><strong>St\u00e4rkere Indexierungssteuerung<\/strong> \u00fcber \u00fcbersetzte, lokalisierte oder duplizierte Seitensets hinweg<\/li>\n  <li><strong>Bessere Skalierbarkeit<\/strong>, wenn neue Sprachen, Kategorien oder Landingpages hinzukommen<\/li>\n  <li><strong>Weniger technische Konflikte<\/strong> zwischen regionalen oder Sprachvarianten<\/li>\n  <li><strong>Eine st\u00e4rkere Basis f\u00fcr organisches Wachstum<\/strong> in internationalen M\u00e4rkten<\/li>\n<\/ul>\n<p>Messen Sie den Impact mit einheitlichem Reporting und KPI-Transparenz pro Sprache und Land \u00fcber <a href=\"https:\/\/inspace.io\/de\/features\/performance-monitoring\">Performance-Monitoring \u00fcber L\u00e4nder und Sprachen hinweg<\/a>.<\/p>\n<h2>Mehrsprachige SEO-Services f\u00fcr wachstumsorientierte Teams<\/h2>\n<p>Ob Sie eine SaaS-Website ausbauen, ein Enterprise-Content-\u00d6kosystem managen oder einen internationalen Shop skalieren: Mehrsprachige SEO muss technisch sauber sein, bevor sie kommerziell performen kann. Wir helfen Teams, dieses Fundament mit einem fokussierten Ansatz f\u00fcr hreflang, Canonical-Tags, Noindex-Management und mehrsprachige SEO-Struktur zu schaffen. Wenn Sie WordPress in einem mehrsprachigen Setup betreiben, unterst\u00fctzen wir auch WordPress-SEO f\u00fcr Mehrsprachigkeit. F\u00fcr ein breiteres Engagement siehe unsere SEO-Services.<\/p>\n<p>Wenn Sie \u00fcber Sprachen hinweg wachsen m\u00f6chten, ohne sich auf fragmentierte manuelle Fixes zu verlassen, hilft Ihnen InSpace, einen skalierbareren organischen Vorteil aufzubauen.<\/p>\n<p>Buchen Sie eine Beratung f\u00fcr mehrsprachige SEO<\/p>","seo_service_faq_title":"FAQ","seo_service_faq_intro":"","seo_service_faqs":"4","seo_service_faqs_0_question":"Was ist in den mehrsprachigen SEO-Services enthalten?","seo_service_faqs_0_answer":"Bei InSpace konzentrieren sich die mehrsprachigen SEO-Services auf technische SEO-Unterst\u00fctzung f\u00fcr mehrsprachige Websites. Dazu geh\u00f6ren Unterst\u00fctzung bei der Implementierung von hreflang, das Management von Canonical-Tags, Noindex-Management sowie Unterst\u00fctzung f\u00fcr mehrsprachige Seitenstrukturen.","seo_service_faqs_1_question":"Unterst\u00fctzen Sie mehrsprachige SEO f\u00fcr E-Commerce-Websites?","seo_service_faqs_1_answer":"Ja. Unsere E-Commerce-SEO-Unterst\u00fctzung ist relevant f\u00fcr internationale Shops, die mehrsprachige und mehrw\u00e4hrungsf\u00e4hige SEO-Anforderungen haben.","seo_service_faqs_2_question":"K\u00f6nnen Sie bei gro\u00dfen mehrsprachigen Seitenstrukturen helfen?","seo_service_faqs_2_answer":"Ja. Mehrsprachige SEO-Unterst\u00fctzung ist besonders relevant f\u00fcr gr\u00f6\u00dfere Websites, bei denen Sprachversionen, Indexierung und Struktur in gro\u00dfem Ma\u00dfstab komplexer werden.","seo_service_faqs_3_question":"Geht es bei mehrsprachiger SEO nur um \u00dcbersetzung?","seo_service_faqs_3_answer":"Nein. \u00dcbersetzung allein l\u00f6st keine Probleme bei Indexierung, Duplizierung oder Sprach-Targeting. Mehrsprachige SEO ben\u00f6tigt auch die richtigen technischen Signale, damit Suchmaschinen die korrekte Version jeder Seite verstehen und ranken k\u00f6nnen \u2013 insbesondere, da sich die Suche mit AI-SEO, generativer Suchmaschinenoptimierung und Erlebnissen wie Google AI Overviews weiterentwickelt."},"acf":[],"_links":{"self":[{"href":"https:\/\/inspace.io\/de\/wp-json\/wp\/v2\/pages\/4745","targetHints":{"allow":["GET"]}}],"collection":[{"href":"https:\/\/inspace.io\/de\/wp-json\/wp\/v2\/pages"}],"about":[{"href":"https:\/\/inspace.io\/de\/wp-json\/wp\/v2\/types\/page"}],"author":[{"embeddable":true,"href":"https:\/\/inspace.io\/de\/wp-json\/wp\/v2\/users\/37"}],"replies":[{"embeddable":true,"href":"https:\/\/inspace.io\/de\/wp-json\/wp\/v2\/comments?post=4745"}],"version-history":[{"count":1,"href":"https:\/\/inspace.io\/de\/wp-json\/wp\/v2\/pages\/4745\/revisions"}],"predecessor-version":[{"id":4836,"href":"https:\/\/inspace.io\/de\/wp-json\/wp\/v2\/pages\/4745\/revisions\/4836"}],"up":[{"embeddable":true,"href":"https:\/\/inspace.io\/de\/wp-json\/wp\/v2\/pages\/4497"}],"wp:attachment":[{"href":"https:\/\/inspace.io\/de\/wp-json\/wp\/v2\/media?parent=4745"}],"curies":[{"name":"wp","href":"https:\/\/api.w.org\/{rel}","templated":true}]}}