{"id":3559,"date":"2025-08-25T10:01:38","date_gmt":"2025-08-25T08:01:38","guid":{"rendered":"https:\/\/inspace.io\/privacy-policy"},"modified":"2026-03-10T11:39:54","modified_gmt":"2026-03-10T10:39:54","slug":"privacy-policy","status":"publish","type":"page","link":"https:\/\/inspace.io\/de\/privacy-policy","title":{"rendered":"Datenschutzrichtlinie"},"content":{"rendered":"<h2 data-path-to-node=\"3\"><span style=\"color: #000000;\">Einleitung<\/span><\/h2>\n<p data-path-to-node=\"3\"><span style=\"color: #000000;\"> Willkommen bei INSPACE (\u201ewir\u201c, \u201eunser\u201c oder \u201euns\u201c). Wir verpflichten uns zum Schutz deiner Privatsph\u00e4re und zur Gew\u00e4hrleistung der Sicherheit deiner personenbezogenen Daten. Diese Datenschutzerkl\u00e4rung erl\u00e4utert, wie wir deine Informationen erfassen, verwenden, offenlegen und sch\u00fctzen, wenn du unsere Website besuchst oder unsere Dienste nutzt. <\/span><\/p>\n<p data-path-to-node=\"3\"><span style=\"color: #000000;\">Durch die Nutzung unserer Website und Dienste stimmst du den in dieser Richtlinie beschriebenen Datenpraktiken zu. Wenn du mit unseren Richtlinien und Praktiken nicht einverstanden bist, nutze unsere Website bitte nicht.<\/span><\/p>\n<h2 data-path-to-node=\"4\"><span style=\"color: #000000;\"><b data-path-to-node=\"4\" data-index-in-node=\"0\">Erfasste Daten<\/b><\/span><\/h2>\n<p data-path-to-node=\"4\"><span style=\"color: #000000;\"> <b data-path-to-node=\"4\" data-index-in-node=\"15\">2.1 Personenbezogene Daten<\/b><\/span><\/p>\n<p data-path-to-node=\"4\"><span style=\"color: #000000;\"> Wir erfassen m\u00f6glicherweise personenbezogene Daten, die du uns freiwillig zur Verf\u00fcgung stellst, wenn du:<\/span><\/p>\n<ul>\n<li data-path-to-node=\"5,0,0\"><span style=\"color: #000000;\">Kontaktformulare auf unserer Website ausf\u00fcllst<\/span><\/li>\n<li data-path-to-node=\"5,1,0\"><span style=\"color: #000000;\">unseren Newsletter abonnierst<\/span><\/li>\n<li data-path-to-node=\"5,2,0\"><span style=\"color: #000000;\">ein Angebot oder eine Beratung anforderst<\/span><\/li>\n<li data-path-to-node=\"5,3,0\"><span style=\"color: #000000;\">dich auf eine Stelle bewirbst<\/span><\/li>\n<li data-path-to-node=\"5,4,0\"><span style=\"color: #000000;\">unsere Dienste in Anspruch nimmst<\/span><\/li>\n<\/ul>\n<p data-path-to-node=\"6\"><span style=\"color: #000000;\">Diese Informationen k\u00f6nnen umfassen:<\/span><\/p>\n<ul>\n<li data-path-to-node=\"7,0,0\"><span style=\"color: #000000;\">Name und Kontaktdaten: E-Mail, Telefonnummer, Adresse<\/span><\/li>\n<li data-path-to-node=\"7,1,0\"><span style=\"color: #000000;\">Unternehmensinformationen<\/span><\/li>\n<li data-path-to-node=\"7,2,0\"><span style=\"color: #000000;\">Projektdetails und Anforderungen<\/span><\/li>\n<li data-path-to-node=\"7,3,0\"><span style=\"color: #000000;\">Kommunikationspr\u00e4ferenzen<\/span><\/li>\n<\/ul>\n<p data-path-to-node=\"8\"><span style=\"color: #000000;\"><b data-path-to-node=\"8\" data-index-in-node=\"0\">2.2 Automatisch erfasste Daten<\/b><\/span><\/p>\n<p data-path-to-node=\"8\"><span style=\"color: #000000;\"> Wenn du unsere Website besuchst, erfassen wir automatisch bestimmte Informationen \u00fcber dein Ger\u00e4t und deine Nutzungsmuster, darunter:<\/span><\/p>\n<ul>\n<li data-path-to-node=\"9,0,0\"><span style=\"color: #000000;\">IP-Adresse und Standortdaten<\/span><\/li>\n<li data-path-to-node=\"9,1,0\"><span style=\"color: #000000;\">Browsertyp und -version<\/span><\/li>\n<li data-path-to-node=\"9,2,0\"><span style=\"color: #000000;\">Betriebssystem<\/span><\/li>\n<li data-path-to-node=\"9,3,0\"><span style=\"color: #000000;\">besuchte Seiten und die Verweildauer auf jeder Seite<\/span><\/li>\n<li data-path-to-node=\"9,4,0\"><span style=\"color: #000000;\">verweisende Website<\/span><\/li>\n<li data-path-to-node=\"9,5,0\"><span style=\"color: #000000;\">Ger\u00e4teinformationen<\/span><\/li>\n<\/ul>\n<h2 data-path-to-node=\"10\"><span style=\"color: #000000;\"><b data-path-to-node=\"10\" data-index-in-node=\"0\">Nutzung deiner Daten<\/b><\/span><\/h2>\n<p data-path-to-node=\"10\"><span style=\"color: #000000;\"> Wir verwenden die erfassten Informationen f\u00fcr verschiedene Zwecke, darunter:<\/span><\/p>\n<ul>\n<li data-path-to-node=\"11,0,0\"><span style=\"color: #000000;\"><strong>Bereitstellung von Diensten:<\/strong> zur Erbringung unserer SEO- und digitalen Marketingdienste<\/span><\/li>\n<li data-path-to-node=\"11,1,0\"><span style=\"color: #000000;\"><strong>Kommunikation:<\/strong> zur Beantwortung deiner Anfragen und zur Bereitstellung von Kundensupport<\/span><\/li>\n<li data-path-to-node=\"11,2,0\"><span style=\"color: #000000;\"><strong>Marketing:<\/strong> um dir relevante Updates, Newsletter und Werbematerialien zu senden (mit deiner Zustimmung)<\/span><\/li>\n<li data-path-to-node=\"11,3,0\"><span style=\"color: #000000;\"><strong>Verbesserung:<\/strong> zur Analyse der Websitenutzung und Verbesserung unserer Dienste<\/span><\/li>\n<li data-path-to-node=\"11,4,0\"><span style=\"color: #000000;\"><strong>Rechtliche Compliance:<\/strong> zur Einhaltung geltender Gesetze und Vorschriften<\/span><\/li>\n<li data-path-to-node=\"11,5,0\"><span style=\"color: #000000;\"><strong>Sicherheit:<\/strong> zum Schutz vor Betrug und zur Gew\u00e4hrleistung der Websitesicherheit<\/span><\/li>\n<\/ul>\n<h2 data-path-to-node=\"12\"><span style=\"color: #000000;\"><b data-path-to-node=\"12\" data-index-in-node=\"0\">Weitergabe und Offenlegung von Daten<\/b><\/span><\/h2>\n<p data-path-to-node=\"12\"><span style=\"color: #000000;\"> Wir verkaufen, handeln oder \u00fcbertragen deine personenbezogenen Daten nicht ohne deine Zustimmung an Dritte, au\u00dfer in den folgenden F\u00e4llen:<\/span><\/p>\n<ul>\n<li data-path-to-node=\"13,0,0\"><span style=\"color: #000000;\"><strong>Dienstleister:<\/strong> Wir k\u00f6nnen Informationen an vertrauensw\u00fcrdige Drittanbieter weitergeben, die uns beim Betrieb unserer Website und bei der Erbringung von Dienstleistungen unterst\u00fctzen.<\/span><\/li>\n<li data-path-to-node=\"13,1,0\"><span style=\"color: #000000;\"><strong>Rechtliche Anforderungen:<\/strong> Wir k\u00f6nnen Informationen offenlegen, wenn dies gesetzlich vorgeschrieben ist oder um unsere Rechte und Sicherheit zu sch\u00fctzen.<\/span><\/li>\n<li data-path-to-node=\"13,2,0\"><span style=\"color: #000000;\"><strong>Unternehmens\u00fcbertragungen:<\/strong> Im Falle einer Fusion, \u00dcbernahme oder eines Verkaufs von Verm\u00f6genswerten k\u00f6nnen deine Informationen \u00fcbertragen werden.<\/span><\/li>\n<li data-path-to-node=\"13,3,0\"><span style=\"color: #000000;\"><strong>Zustimmung:<\/strong> Wir k\u00f6nnen Informationen mit deiner ausdr\u00fccklichen Zustimmung weitergeben.<\/span><\/li>\n<\/ul>\n<h2 data-path-to-node=\"14\"><span style=\"color: #000000;\"><b data-path-to-node=\"14\" data-index-in-node=\"0\">Datensicherheit<\/b><\/span><\/h2>\n<p data-path-to-node=\"14\"><span style=\"color: #000000;\"> Wir implementieren angemessene technische und organisatorische Ma\u00dfnahmen, um deine personenbezogenen Daten vor unbefugtem Zugriff, \u00c4nderung, Offenlegung oder Zerst\u00f6rung zu sch\u00fctzen. Dennoch ist keine Methode der \u00dcbertragung \u00fcber das Internet oder der elektronischen Speicherung zu 100 % sicher. <\/span><\/p>\n<p data-path-to-node=\"14\"><span style=\"color: #000000;\">Wir \u00fcberpr\u00fcfen und aktualisieren unsere Sicherheitspraktiken regelm\u00e4\u00dfig, um den Schutz deiner Informationen zu gew\u00e4hrleisten.<\/span><\/p>\n<h2 data-path-to-node=\"15\"><span style=\"color: #000000;\"><b data-path-to-node=\"15\" data-index-in-node=\"0\">Deine Rechte und Wahlm\u00f6glichkeiten<\/b><\/span><\/h2>\n<p data-path-to-node=\"15\"><span style=\"color: #000000;\"> Abh\u00e4ngig von deinem Standort hast du m\u00f6glicherweise bestimmte Rechte in Bezug auf deine personenbezogenen Daten:<\/span><\/p>\n<ul data-path-to-node=\"16\">\n<li>\n<p data-path-to-node=\"16,0,0\"><span style=\"color: #000000;\"><strong>Zugang:<\/strong> Anforderung von Zugang zu deinen personenbezogenen Daten<\/span><\/p>\n<\/li>\n<li>\n<p data-path-to-node=\"16,1,0\"><span style=\"color: #000000;\"><strong>Korrektur:<\/strong> Anforderung der Korrektur unrichtiger Informationen<\/span><\/p>\n<\/li>\n<li>\n<p data-path-to-node=\"16,2,0\"><span style=\"color: #000000;\"><strong>L\u00f6schung:<\/strong> Anforderung der L\u00f6schung deiner personenbezogenen Daten<\/span><\/p>\n<\/li>\n<li>\n<p data-path-to-node=\"16,3,0\"><span style=\"color: #000000;\"><strong>\u00dcbertragbarkeit:<\/strong> Anforderung einer Kopie deiner Daten in einem portablen Format<\/span><\/p>\n<\/li>\n<li>\n<p data-path-to-node=\"16,4,0\"><span style=\"color: #000000;\"><strong>Widerspruch:<\/strong> Widerspruch gegen bestimmte Verarbeitungst\u00e4tigkeiten<\/span><\/p>\n<\/li>\n<li>\n<p data-path-to-node=\"16,5,0\"><span style=\"color: #000000;\"><strong>Widerruf:<\/strong> Widerruf der Zustimmung zu Marketingmitteilungen<\/span><\/p>\n<\/li>\n<\/ul>\n<p data-path-to-node=\"17\"><span style=\"color: #000000;\">Um diese Rechte auszu\u00fcben, kontaktiere uns bitte \u00fcber die unten angegebenen Kontaktdaten.<\/span><\/p>\n<h2 data-path-to-node=\"18\"><span style=\"color: #000000;\"><b data-path-to-node=\"18\" data-index-in-node=\"0\">Cookies und Tracking-Technologien<\/b><\/span><\/h2>\n<p data-path-to-node=\"18\"><span style=\"color: #000000;\"> Wir verwenden Cookies und \u00e4hnliche Tracking-Technologien, um dein Surferlebnis zu verbessern und den Website-Traffic zu analysieren. Du kannst die Cookie-Einstellungen \u00fcber deine Browsereinstellungen steuern.<\/span><\/p>\n<p data-path-to-node=\"18\"><span style=\"color: #000000;\"> Von uns verwendete Cookie-Typen:<\/span><\/p>\n<ul>\n<li data-path-to-node=\"19,0,0\"><span style=\"color: #000000;\"><strong>Essenzielle Cookies:<\/strong> erforderlich f\u00fcr die Funktionalit\u00e4t der Website<\/span><\/li>\n<li data-path-to-node=\"19,1,0\"><span style=\"color: #000000;\"><strong>Analyse-Cookies:<\/strong> helfen uns zu verstehen, wie Besucher unsere Website nutzen<\/span><\/li>\n<li data-path-to-node=\"19,2,0\"><span style=\"color: #000000;\"><strong>Marketing-Cookies:<\/strong> verwendet f\u00fcr gezielte Werbung und Marketing<\/span><\/li>\n<\/ul>\n<h2 data-path-to-node=\"20\"><span style=\"color: #000000;\"><b data-path-to-node=\"20\" data-index-in-node=\"0\">Links zu Drittanbietern<\/b><\/span><\/h2>\n<p data-path-to-node=\"20\"><span style=\"color: #000000;\"> Unsere Website kann Links zu Websites Dritter enthalten. Wir sind nicht verantwortlich f\u00fcr die Datenschutzpraktiken oder den Inhalt dieser externen Websites. Wir empfehlen dir, deren Datenschutzrichtlinien zu lesen, bevor du personenbezogene Daten bereitstellst.<\/span><\/p>\n<h2 data-path-to-node=\"21\"><span style=\"color: #000000;\"><b data-path-to-node=\"21\" data-index-in-node=\"0\">Datenschutz von Kindern<\/b><\/span><\/h2>\n<p data-path-to-node=\"21\"><span style=\"color: #000000;\"> Unsere Dienste richten sich nicht an Kinder unter 13 Jahren. Wir erfassen wissentlich keine personenbezogenen Daten von Kindern unter 13 Jahren. Wenn du glaubst, dass wir Informationen von einem Kind unter 13 Jahren erfasst haben, kontaktiere uns bitte umgehend.<\/span><\/p>\n<h2 data-path-to-node=\"22\"><span style=\"color: #000000;\"><b data-path-to-node=\"22\" data-index-in-node=\"0\">Internationale Daten\u00fcbertragungen<\/b><\/span><\/h2>\n<p data-path-to-node=\"22\"><span style=\"color: #000000;\"> Deine Informationen k\u00f6nnen in andere L\u00e4nder als dein eigenes \u00fcbertragen und dort verarbeitet werden. Wir stellen sicher, dass angemessene Sicherheitsvorkehrungen getroffen werden, um deine Informationen in \u00dcbereinstimmung mit dieser Datenschutzerkl\u00e4rung zu sch\u00fctzen.<\/span><\/p>\n<h2 data-path-to-node=\"23\"><span style=\"color: #000000;\"><b data-path-to-node=\"23\" data-index-in-node=\"0\">\u00c4nderungen dieser Datenschutzerkl\u00e4rung<\/b><\/span><\/h2>\n<p data-path-to-node=\"23\"><span style=\"color: #000000;\"> Wir k\u00f6nnen diese Datenschutzerkl\u00e4rung von Zeit zu Zeit aktualisieren. Wir werden dich \u00fcber wesentliche \u00c4nderungen informieren, indem wir die neue Richtlinie auf dieser Seite ver\u00f6ffentlichen und das Datum der \u201eletzten Aktualisierung\u201c anpassen.<\/span><\/p>\n<p data-path-to-node=\"23\"><span style=\"color: #000000;\"> Wir empfehlen dir, diese Datenschutzerkl\u00e4rung regelm\u00e4\u00dfig zu \u00fcberpr\u00fcfen, um dar\u00fcber informiert zu bleiben, wie wir deine Informationen sch\u00fctzen.<\/span><\/p>\n<h2 data-path-to-node=\"24\"><span style=\"color: #000000;\"><b data-path-to-node=\"24\" data-index-in-node=\"0\">Kontakt<\/b><\/span><\/h2>\n<p data-path-to-node=\"24\"><span style=\"color: #000000;\"> Wenn du Fragen zu dieser Datenschutzerkl\u00e4rung oder unseren Datenpraktiken hast, kontaktiere uns bitte: E-Mail:<\/span><\/p>\n<p data-path-to-node=\"24\"><span style=\"color: #000000;\"> privacy@inspace.com<\/span><\/p>\n<p data-path-to-node=\"24\"><span style=\"color: #000000;\"> Telefon: +1 (555) 123-4567 <\/span><\/p>\n<p data-path-to-node=\"24\"><span style=\"color: #000000;\">Adresse: 123 Business Street, City, State 12345<\/span><\/p>\n","protected":false},"excerpt":{"rendered":"<p>Einleitung Willkommen bei INSPACE (\u201ewir\u201c, \u201eunser\u201c oder \u201euns\u201c). Wir verpflichten uns zum Schutz deiner Privatsph\u00e4re und zur Gew\u00e4hrleistung der Sicherheit deiner personenbezogenen Daten. Diese Datenschutzerkl\u00e4rung erl\u00e4utert, wie wir deine Informationen erfassen, verwenden, offenlegen und sch\u00fctzen, wenn du unsere Website besuchst oder unsere Dienste nutzt. Durch die Nutzung unserer Website und Dienste stimmst du den in [&hellip;]<\/p>\n","protected":false},"author":1,"featured_media":0,"parent":0,"menu_order":133,"comment_status":"closed","ping_status":"closed","template":"templates\/generic.php","meta":{"_acf_changed":false,"_genesis_title":"","_genesis_description":"","footnotes":""},"class_list":["post-3559","page","type-page","status-publish","hentry"],"meta_all":{"rank_math_internal_links_processed":"1","classic-editor-remember":"classic-editor","rank_math_analytic_object_id":"239","rank_math_seo_score":"9"},"meta_all_flat":{"rank_math_internal_links_processed":"1","classic-editor-remember":"classic-editor","rank_math_analytic_object_id":"239","rank_math_seo_score":"9"},"acf":[],"_links":{"self":[{"href":"https:\/\/inspace.io\/de\/wp-json\/wp\/v2\/pages\/3559","targetHints":{"allow":["GET"]}}],"collection":[{"href":"https:\/\/inspace.io\/de\/wp-json\/wp\/v2\/pages"}],"about":[{"href":"https:\/\/inspace.io\/de\/wp-json\/wp\/v2\/types\/page"}],"author":[{"embeddable":true,"href":"https:\/\/inspace.io\/de\/wp-json\/wp\/v2\/users\/1"}],"replies":[{"embeddable":true,"href":"https:\/\/inspace.io\/de\/wp-json\/wp\/v2\/comments?post=3559"}],"version-history":[{"count":3,"href":"https:\/\/inspace.io\/de\/wp-json\/wp\/v2\/pages\/3559\/revisions"}],"predecessor-version":[{"id":3562,"href":"https:\/\/inspace.io\/de\/wp-json\/wp\/v2\/pages\/3559\/revisions\/3562"}],"wp:attachment":[{"href":"https:\/\/inspace.io\/de\/wp-json\/wp\/v2\/media?parent=3559"}],"curies":[{"name":"wp","href":"https:\/\/api.w.org\/{rel}","templated":true}]}}