{"id":3554,"date":"2025-08-25T13:44:42","date_gmt":"2025-08-25T11:44:42","guid":{"rendered":"https:\/\/inspace.io\/legal"},"modified":"2026-03-10T11:27:17","modified_gmt":"2026-03-10T10:27:17","slug":"legal","status":"publish","type":"page","link":"https:\/\/inspace.io\/de\/legal","title":{"rendered":"Legal"},"content":{"rendered":"<h2 data-path-to-node=\"3\"><span style=\"color: #000000;\">Einf\u00fchrung<\/span><\/h2>\n<p data-path-to-node=\"3\"><span style=\"color: #000000;\"> Willkommen bei INSPACE (\u201ewir\u201c, \u201eunsere\u201c oder \u201euns\u201c). Wir verpflichten uns zum Schutz Ihrer Privatsph\u00e4re und zur Gew\u00e4hrleistung der Sicherheit Ihrer personenbezogenen Daten. Diese Datenschutzerkl\u00e4rung erl\u00e4utert, wie wir Ihre Daten erfassen, verwenden, offenlegen und sch\u00fctzen, wenn Sie unsere Website besuchen oder unsere Dienste nutzen.<\/span><\/p>\n<p data-path-to-node=\"3\"><span style=\"color: #000000;\"> Durch die Nutzung unserer Website und Dienste stimmen Sie den in dieser Richtlinie beschriebenen Datenpraktiken zu. Wenn Sie mit unseren Richtlinien und Praktiken nicht einverstanden sind, nutzen Sie unsere Website bitte nicht.<\/span><\/p>\n<h2 data-path-to-node=\"4\"><span style=\"color: #000000;\"><b data-path-to-node=\"4\" data-index-in-node=\"0\">Erfasste Daten<\/b> <\/span><\/h2>\n<p data-path-to-node=\"4\"><span style=\"color: #000000;\"><b data-path-to-node=\"4\" data-index-in-node=\"18\">2.1 Personenbezogene Daten<\/b><\/span><\/p>\n<p data-path-to-node=\"4\"><span style=\"color: #000000;\"> Wir k\u00f6nnen personenbezogene Daten erfassen, die Sie uns freiwillig zur Verf\u00fcgung stellen, wenn Sie:<\/span><\/p>\n<ul>\n<li data-path-to-node=\"5,0,0\"><span style=\"color: #000000;\">Kontaktformulare auf unserer Website ausf\u00fcllen<\/span><\/li>\n<li data-path-to-node=\"5,1,0\"><span style=\"color: #000000;\">Unseren Newsletter abonnieren<\/span><\/li>\n<li data-path-to-node=\"5,2,0\"><span style=\"color: #000000;\">Ein Angebot oder eine Beratung anfordern<\/span><\/li>\n<li data-path-to-node=\"5,3,0\"><span style=\"color: #000000;\">Sich auf eine Stelle bewerben<\/span><\/li>\n<li data-path-to-node=\"5,4,0\"><span style=\"color: #000000;\">Unsere Dienste in Anspruch nehmen<\/span><\/li>\n<\/ul>\n<p data-path-to-node=\"6\"><span style=\"color: #000000;\">Diese Informationen k\u00f6nnen umfassen:<\/span><\/p>\n<ul>\n<li data-path-to-node=\"7,0,0\"><span style=\"color: #000000;\">Name und Kontaktdaten (E-Mail, Telefonnummer, Adresse)<\/span><\/li>\n<li data-path-to-node=\"7,1,0\"><span style=\"color: #000000;\">Unternehmensinformationen<\/span><\/li>\n<li data-path-to-node=\"7,2,0\"><span style=\"color: #000000;\">Projektdetails und Anforderungen<\/span><\/li>\n<li data-path-to-node=\"7,3,0\"><span style=\"color: #000000;\">Kommunikationspr\u00e4ferenzen<\/span><\/li>\n<\/ul>\n<p data-path-to-node=\"8\"><span style=\"color: #000000;\"><b data-path-to-node=\"8\" data-index-in-node=\"0\">2.2 Automatisch erfasste Date<\/b><b data-path-to-node=\"8\" data-index-in-node=\"0\">n<\/b><\/span><\/p>\n<p data-path-to-node=\"8\"><span style=\"color: #000000;\"> Wenn Sie unsere Website besuchen, erfassen wir automatisch bestimmte Daten \u00fcber Ihr Ger\u00e4t und Ihre Nutzungsmuster, darunter:<\/span><\/p>\n<ul>\n<li data-path-to-node=\"9,0,0\"><span style=\"color: #000000;\">IP-Adresse und Standortdaten<\/span><\/li>\n<li data-path-to-node=\"9,1,0\"><span style=\"color: #000000;\">Browsertyp und -version<\/span><\/li>\n<li data-path-to-node=\"9,2,0\"><span style=\"color: #000000;\">Betriebssystem<\/span><\/li>\n<li data-path-to-node=\"9,3,0\"><span style=\"color: #000000;\">Besuchte Seiten und die Dauer des Aufenthalts auf jeder Seite<\/span><\/li>\n<li data-path-to-node=\"9,4,0\"><span style=\"color: #000000;\">Verweisende Website (Referrer)<\/span><\/li>\n<li data-path-to-node=\"9,5,0\"><span style=\"color: #000000;\">Ger\u00e4teinformationen<\/span><\/li>\n<\/ul>\n<h2 data-path-to-node=\"10\"><span style=\"color: #000000;\"><b data-path-to-node=\"10\" data-index-in-node=\"0\">Nutzung Ihrer Daten<\/b><\/span><\/h2>\n<p data-path-to-node=\"10\"><span style=\"color: #000000;\"> Wir verwenden die erfassten Daten f\u00fcr verschiedene Zwecke, darunter:<\/span><\/p>\n<ul>\n<li data-path-to-node=\"11,0,0\"><span style=\"color: #000000;\"><b data-path-to-node=\"11,0,0\" data-index-in-node=\"0\">Erbringung von Dienstleistungen:<\/b> Zur Bereitstellung unserer SEO- und digitalen Marketingdienste<\/span><\/li>\n<li data-path-to-node=\"11,1,0\"><span style=\"color: #000000;\"><b data-path-to-node=\"11,1,0\" data-index-in-node=\"0\">Kommunikation:<\/b> Zur Beantwortung Ihrer Anfragen und zur Bereitstellung von Kundensupport<\/span><\/li>\n<li data-path-to-node=\"11,2,0\"><span style=\"color: #000000;\"><b data-path-to-node=\"11,2,0\" data-index-in-node=\"0\">Marketing:<\/b> Um Ihnen relevante Updates, Newsletter und Werbematerialien zu senden (mit Ihrer Zustimmung)<\/span><\/li>\n<li data-path-to-node=\"11,3,0\"><span style=\"color: #000000;\"><b data-path-to-node=\"11,3,0\" data-index-in-node=\"0\">Verbesserung:<\/b> Zur Analyse der Websitenutzung und Verbesserung unserer Dienste<\/span><\/li>\n<li data-path-to-node=\"11,4,0\"><span style=\"color: #000000;\"><b data-path-to-node=\"11,4,0\" data-index-in-node=\"0\">Rechtliche Compliance:<\/b> Zur Einhaltung geltender Gesetze und Vorschriften<\/span><\/li>\n<li data-path-to-node=\"11,5,0\"><span style=\"color: #000000;\"><b data-path-to-node=\"11,5,0\" data-index-in-node=\"0\">Sicherheit:<\/b> Zum Schutz vor Betrug und zur Gew\u00e4hrleistung der Websitesicherheit<\/span><\/li>\n<\/ul>\n<h2 data-path-to-node=\"12\"><span style=\"color: #000000;\"><b data-path-to-node=\"12\" data-index-in-node=\"0\">Weitergabe und Offenlegung von Daten<\/b> <\/span><\/h2>\n<p data-path-to-node=\"12\"><span style=\"color: #000000;\">Wir verkaufen, handeln oder \u00fcbertragen Ihre personenbezogenen Daten nicht ohne Ihre Zustimmung an Dritte, au\u00dfer in den folgenden F\u00e4llen:<\/span><\/p>\n<ul>\n<li data-path-to-node=\"13,0,0\"><span style=\"color: #000000;\"><b data-path-to-node=\"13,0,0\" data-index-in-node=\"0\">Dienstleister:<\/b> Wir k\u00f6nnen Daten an vertrauensw\u00fcrdige Drittanbieter weitergeben, die uns beim Betrieb unserer Website und bei der Erbringung unserer Dienste unterst\u00fctzen.<\/span><\/li>\n<li data-path-to-node=\"13,1,0\"><span style=\"color: #000000;\"><b data-path-to-node=\"13,1,0\" data-index-in-node=\"0\">Rechtliche Anforderungen:<\/b> Wir k\u00f6nnen Daten offenlegen, wenn dies gesetzlich vorgeschrieben ist oder zum Schutz unserer Rechte und Sicherheit erforderlich ist.<\/span><\/li>\n<li data-path-to-node=\"13,2,0\"><span style=\"color: #000000;\"><b data-path-to-node=\"13,2,0\" data-index-in-node=\"0\">Unternehmens\u00fcbertragungen:<\/b> Im Falle einer Fusion, \u00dcbernahme oder eines Verkaufs von Verm\u00f6genswerten k\u00f6nnen Ihre Daten \u00fcbertragen werden.<\/span><\/li>\n<li data-path-to-node=\"13,3,0\"><span style=\"color: #000000;\"><b data-path-to-node=\"13,3,0\" data-index-in-node=\"0\">Zustimmung:<\/b> Wir k\u00f6nnen Daten mit Ihrer ausdr\u00fccklichen Zustimmung weitergeben.<\/span><\/li>\n<\/ul>\n<h2 data-path-to-node=\"14\"><span style=\"color: #000000;\"><b data-path-to-node=\"14\" data-index-in-node=\"0\">Datensicherheit<\/b><\/span><\/h2>\n<p data-path-to-node=\"14\"><span style=\"color: #000000;\"> Wir implementieren angemessene technische und organisatorische Ma\u00dfnahmen, um Ihre personenbezogenen Daten vor unbefugtem Zugriff, \u00c4nderung, Offenlegung oder Zerst\u00f6rung zu sch\u00fctzen. Dennoch ist keine Methode der \u00dcbertragung \u00fcber das Internet oder der elektronischen Speicherung zu 100 % sicher.\u00a0<\/span><\/p>\n<p data-path-to-node=\"14\"><span style=\"color: #000000;\">Wir \u00fcberpr\u00fcfen und aktualisieren unsere Sicherheitspraktiken regelm\u00e4\u00dfig, um den Schutz Ihrer Daten zu gew\u00e4hrleisten.<\/span><\/p>\n<h2 data-path-to-node=\"15\"><span style=\"color: #000000;\"><b data-path-to-node=\"15\" data-index-in-node=\"0\">Ihre Rechte und Wahlm\u00f6glichkeiten<\/b><\/span><\/h2>\n<p data-path-to-node=\"15\"><span style=\"color: #000000;\"> Abh\u00e4ngig von Ihrem Standort haben Sie m\u00f6glicherweise bestimmte Rechte in Bezug auf Ihre personenbezogenen Daten:<\/span><\/p>\n<ul>\n<li data-path-to-node=\"16,0,0\"><span style=\"color: #000000;\"><b data-path-to-node=\"16,0,0\" data-index-in-node=\"0\">Auskunft:<\/b> Zugang zu Ihren personenbezogenen Daten anfordern.<\/span><\/li>\n<li data-path-to-node=\"16,1,0\"><span style=\"color: #000000;\"><b data-path-to-node=\"16,1,0\" data-index-in-node=\"0\">Berichtigung:<\/b> Berichtigung unrichtiger Daten anfordern.<\/span><\/li>\n<li data-path-to-node=\"16,2,0\"><span style=\"color: #000000;\"><b data-path-to-node=\"16,2,0\" data-index-in-node=\"0\">L\u00f6schung:<\/b> L\u00f6schung Ihrer personenbezogenen Daten anfordern.<\/span><\/li>\n<li data-path-to-node=\"16,3,0\"><span style=\"color: #000000;\"><b data-path-to-node=\"16,3,0\" data-index-in-node=\"0\">\u00dcbertragbarkeit:<\/b> Eine Kopie Ihrer Daten in einem \u00fcbertragbaren Format anfordern.<\/span><\/li>\n<li data-path-to-node=\"16,4,0\"><span style=\"color: #000000;\"><b data-path-to-node=\"16,4,0\" data-index-in-node=\"0\">Widerspruch:<\/b> Widerspruch gegen bestimmte Verarbeitungst\u00e4tigkeiten einlegen.<\/span><\/li>\n<li data-path-to-node=\"16,5,0\"><span style=\"color: #000000;\"><b data-path-to-node=\"16,5,0\" data-index-in-node=\"0\">Widerruf:<\/b> Zustimmung zu Marketingkommunikation widerrufen.<\/span><\/li>\n<\/ul>\n<p data-path-to-node=\"17\"><span style=\"color: #000000;\">Um diese Rechte auszu\u00fcben, kontaktieren Sie uns bitte unter den unten angegebenen Informationen.<\/span><\/p>\n<h2 data-path-to-node=\"18\"><span style=\"color: #000000;\"><b data-path-to-node=\"18\" data-index-in-node=\"0\">Cookies und Tracking-Technologien<\/b><\/span><\/h2>\n<p data-path-to-node=\"18\"><span style=\"color: #000000;\"> Wir verwenden Cookies und \u00e4hnliche Tracking-Technologien, um Ihr Nutzererlebnis zu verbessern und den Website-Traffic zu analysieren. Sie k\u00f6nnen die Cookie-Einstellungen \u00fcber Ihre Browsereinstellungen steuern.<\/span><\/p>\n<p data-path-to-node=\"18\"><span style=\"color: #000000;\"> Von uns verwendete Cookie-Typen:<\/span><\/p>\n<ul>\n<li data-path-to-node=\"19,0,0\"><span style=\"color: #000000;\"><b data-path-to-node=\"19,0,0\" data-index-in-node=\"0\">Essenzielle Cookies:<\/b> Erforderlich f\u00fcr die Funktionalit\u00e4t der Website.<\/span><\/li>\n<li data-path-to-node=\"19,1,0\"><span style=\"color: #000000;\"><b data-path-to-node=\"19,1,0\" data-index-in-node=\"0\">Analytische Cookies:<\/b> Helfen uns zu verstehen, wie Besucher unsere Website nutzen.<\/span><\/li>\n<li data-path-to-node=\"19,2,0\"><span style=\"color: #000000;\"><b data-path-to-node=\"19,2,0\" data-index-in-node=\"0\">Marketing-Cookies:<\/b> Werden f\u00fcr gezielte Werbung und Marketing verwendet.<\/span><\/li>\n<\/ul>\n<h2 data-path-to-node=\"20\"><span style=\"color: #000000;\"><b data-path-to-node=\"20\" data-index-in-node=\"0\">Links zu Drittanbietern<\/b><\/span><\/h2>\n<p data-path-to-node=\"20\"><span style=\"color: #000000;\"> Unsere Website kann Links zu Websites Dritter enthalten. Wir sind nicht verantwortlich f\u00fcr die Datenschutzpraktiken oder den Inhalt dieser externen Websites. Wir empfehlen Ihnen, deren Datenschutzrichtlinien zu lesen, bevor Sie personenbezogene Daten bereitstellen.<\/span><\/p>\n<h2 data-path-to-node=\"21\"><span style=\"color: #000000;\"><b data-path-to-node=\"21\" data-index-in-node=\"0\">Datenschutz von Kindern<\/b><\/span><\/h2>\n<p data-path-to-node=\"21\"><span style=\"color: #000000;\"> Unsere Dienste richten sich nicht an Kinder unter 13 Jahren. Wir erfassen wissentlich keine personenbezogenen Daten von Kindern unter 13 Jahren. Wenn Sie glauben, dass wir Daten von einem Kind unter 13 Jahren erfasst haben, kontaktieren Sie uns bitte umgehend.<\/span><\/p>\n<h2 data-path-to-node=\"22\"><span style=\"color: #000000;\"><b data-path-to-node=\"22\" data-index-in-node=\"0\">Internationale Daten\u00fcbertragungen<\/b><\/span><\/h2>\n<p data-path-to-node=\"22\"><span style=\"color: #000000;\"> Ihre Daten k\u00f6nnen in andere L\u00e4nder als Ihr eigenes \u00fcbertragen und dort verarbeitet werden. Wir stellen sicher, dass angemessene Sicherheitsvorkehrungen getroffen werden, um Ihre Daten in \u00dcbereinstimmung mit dieser Datenschutzerkl\u00e4rung zu sch\u00fctzen.<\/span><\/p>\n<h2 data-path-to-node=\"23\"><span style=\"color: #000000;\"><b data-path-to-node=\"23\" data-index-in-node=\"0\">\u00c4nderungen dieser Datenschutzerkl\u00e4rung<\/b><\/span><\/h2>\n<p data-path-to-node=\"23\"><span style=\"color: #000000;\"> Wir k\u00f6nnen diese Datenschutzerkl\u00e4rung von Zeit zu Zeit aktualisieren. Wir werden Sie \u00fcber wesentliche \u00c4nderungen informieren, indem wir die neue Richtlinie auf dieser Seite ver\u00f6ffentlichen und das Datum der \u201eletzten Aktualisierung\u201c anpassen.<\/span><\/p>\n<p data-path-to-node=\"23\"><span style=\"color: #000000;\"> Wir empfehlen Ihnen, diese Datenschutzerkl\u00e4rung regelm\u00e4\u00dfig zu \u00fcberpr\u00fcfen, um dar\u00fcber informiert zu bleiben, wie wir Ihre Daten sch\u00fctzen.<\/span><\/p>\n<h2 data-path-to-node=\"24\"><span style=\"color: #000000;\"><b data-path-to-node=\"24\" data-index-in-node=\"0\">Kontakt<\/b><\/span><\/h2>\n<p data-path-to-node=\"24\"><span style=\"color: #000000;\"> Wenn Sie Fragen zu dieser Datenschutzerkl\u00e4rung oder unseren Datenpraktiken haben, kontaktieren Sie uns bitte:<\/span><\/p>\n<p data-path-to-node=\"24\"><span style=\"color: #000000;\"> E-Mail: privacy@inspace.com<\/span><\/p>\n<p data-path-to-node=\"24\"><span style=\"color: #000000;\"> Telefon: +1 (555) 123-4567<\/span><\/p>\n<p data-path-to-node=\"24\"><span style=\"color: #000000;\"> Adresse: 123 Business Street, City, State 12345<\/span><\/p>\n","protected":false},"excerpt":{"rendered":"<p>Einf\u00fchrung Willkommen bei INSPACE (\u201ewir\u201c, \u201eunsere\u201c oder \u201euns\u201c). Wir verpflichten uns zum Schutz Ihrer Privatsph\u00e4re und zur Gew\u00e4hrleistung der Sicherheit Ihrer personenbezogenen Daten. Diese Datenschutzerkl\u00e4rung erl\u00e4utert, wie wir Ihre Daten erfassen, verwenden, offenlegen und sch\u00fctzen, wenn Sie unsere Website besuchen oder unsere Dienste nutzen. Durch die Nutzung unserer Website und Dienste stimmen Sie den in [&hellip;]<\/p>\n","protected":false},"author":1,"featured_media":0,"parent":0,"menu_order":109,"comment_status":"closed","ping_status":"closed","template":"templates\/generic.php","meta":{"_acf_changed":false,"_genesis_title":"","_genesis_description":"","footnotes":""},"class_list":["post-3554","page","type-page","status-publish","hentry"],"meta_all":{"rank_math_internal_links_processed":"1","classic-editor-remember":"classic-editor","rank_math_analytic_object_id":"238","rank_math_seo_score":"10"},"meta_all_flat":{"rank_math_internal_links_processed":"1","classic-editor-remember":"classic-editor","rank_math_analytic_object_id":"238","rank_math_seo_score":"10"},"acf":[],"_links":{"self":[{"href":"https:\/\/inspace.io\/de\/wp-json\/wp\/v2\/pages\/3554","targetHints":{"allow":["GET"]}}],"collection":[{"href":"https:\/\/inspace.io\/de\/wp-json\/wp\/v2\/pages"}],"about":[{"href":"https:\/\/inspace.io\/de\/wp-json\/wp\/v2\/types\/page"}],"author":[{"embeddable":true,"href":"https:\/\/inspace.io\/de\/wp-json\/wp\/v2\/users\/1"}],"replies":[{"embeddable":true,"href":"https:\/\/inspace.io\/de\/wp-json\/wp\/v2\/comments?post=3554"}],"version-history":[{"count":3,"href":"https:\/\/inspace.io\/de\/wp-json\/wp\/v2\/pages\/3554\/revisions"}],"predecessor-version":[{"id":3557,"href":"https:\/\/inspace.io\/de\/wp-json\/wp\/v2\/pages\/3554\/revisions\/3557"}],"wp:attachment":[{"href":"https:\/\/inspace.io\/de\/wp-json\/wp\/v2\/media?parent=3554"}],"curies":[{"name":"wp","href":"https:\/\/api.w.org\/{rel}","templated":true}]}}