{"id":3318,"date":"2025-08-20T10:22:40","date_gmt":"2025-08-20T08:22:40","guid":{"rendered":"https:\/\/inspace.io\/home"},"modified":"2026-03-06T15:02:43","modified_gmt":"2026-03-06T14:02:43","slug":"home","status":"publish","type":"page","link":"https:\/\/inspace.io\/de","title":{"rendered":"Home"},"content":{"rendered":"","protected":false},"excerpt":{"rendered":"","protected":false},"author":1,"featured_media":3320,"parent":0,"menu_order":43,"comment_status":"closed","ping_status":"closed","template":"templates\/homepage.php","meta":{"_acf_changed":false,"_genesis_title":"","_genesis_description":"","footnotes":""},"class_list":["post-3318","page","type-page","status-publish","has-post-thumbnail","hentry"],"meta_all":{"rank_math_internal_links_processed":"1","title":"SEARCH IS EVERYTHING.","subtitle":"WIN CUSTOMERS ANYWHERE.","description":"At InSpace, we engineer next-gen SEO strategies powered by AI and deep data. No gimmicks, no paid ads, just sustainable, stellar growth guided by cosmic precision and cutting-edge SEO marketing.","description_about":"We navigate the complexities of search algorithms, audience behavior, and digital trends so you don't have to. With deep experience in SEO optimalization, we translate strategy into measurable performance.","clients_images":["449","460","464","468","470","517"],"small_title_cta":"KEINE ZEIT F\u00dcR SEO?","title_cta":"GUT. NOVA \u00dcBERNIMMT ES F\u00dcR DICH.","button_label_cta":"MEIN SEO AUTOMATISIEREN","button_url_cta":"\/Kontakt\/","small_title_pricing":"BEREIT ZU WACHSEN? LOS GEHT\u2019S!","title_pricing":"W\u00c4HLE DEINEN PLAN","title_faq":"FAQS","faq":"5","faq_0_title":"WHAT IS SEO?","faq_0_description":"Search Engine Optimization (SEO) is the practice of optimizing your website to rank higher in search engine results, driving organic traffic and increasing visibility.","faq_1_title":"DO YOU GUARANTEE RESULTS?","faq_1_description":"While we can't guarantee specific rankings, we guarantee our commitment to data-driven strategies that consistently improve your organic visibility and traffic.","faq_2_title":"WHAT SERVICES DO YOU OFFER?","faq_2_description":"From keyword mapping and content creation to audits and backlinks, we offer full-stack SEO marketing to accelerate your brand's success.","faq_3_title":"HOW CAN I START?","faq_3_description":"Getting started is simple. Contact us for a free consultation where we'll assess your current SEO status and create a customized strategy for your goals.","faq_4_title":"WHAT IS SEO?","faq_4_description":"Search Engine Optimization (SEO) is the practice of optimizing your website to rank higher in search engine results, driving organic traffic and increasing visibility.","rank_math_title":"We turned SEO into Smart AI-Software %sep% InSpace","rank_math_description":"Strategic global &amp; local AI SEO software for Real Growth \u2014 Increase traffic and conversions with powerful, customized SEO strategies \ud83d\ude80\ud83d\ude80","small_title_hero":"SEO hat sich ver\u00e4ndert","title_hero":"WIR HABEN SEO IN SMARTE KI-SOFTWARE VERWANDELT","description_hero":"Halbiere dein Marketingbudget und verdopple deinen Output mit Nova.","button_label_hero":"Jetzt zeigen lassen","button_url_hero":"\/Kontakt","small_title_why":"DIE WELT VER\u00c4NDERT SICH","title_why":"DIE SUCHE IST EXPLODIERT. <span>\u00dcBERHOLEN. ANF\u00dcHREN.<\/span>","description_why":"Unsere Mission ist es, skalierbare Sichtbarkeit f\u00fcr jede Marke zug\u00e4nglich zu machen. Unternehmer und kleine Unternehmen verdienen eine echte Wachstumschance. KI hat die Dynamik der Online-Suche ver\u00e4ndert, und wir sind hier, um diese Marktchance zu nutzen. InSpace liefert ein vollst\u00e4ndiges SEO-System, das auf jedem g\u00e4ngigen CMS und f\u00fcr jede Zielgruppe funktioniert \u2013 mit echter SEO-Expertise als Fundament. Wir l\u00f6sen die drei gr\u00f6\u00dften Verschiebungen in der modernen Suche mit einem Schlag: Long-Tail-Nachfrage, GEO-Sichtbarkeit und vollst\u00e4ndige Automatisierung.","video_why":"https:\/\/youtu.be\/mrYgUtEyOaQ","clients_title_why":"Sterne, die sich nicht mit dem Durchschnitt zufriedengeben.","clients_images_why":"","small_title_how":"Wir fokussieren uns auf Ergebnisse","title_how":"Wir machen Technologie menschlich durch Automatisierung, die <span>wie ein Mensch denkt und sich anpasst.<\/span>","cards_how":"5","title_what":"Wir helfen Unternehmen, in der KI-Suche zu gewinnen. Lernen Sie Nova kennen:","info_boxes_what":"3","cards_what":"6","main_title_dna":"Technologie ist unsere DNA","title_dna":"SEO-Verstand und Entwickler-Magie","description_dna":"Denn das Problem, das wir l\u00f6sen, l\u00e4sst sich nicht allein durch menschliche Arbeit bew\u00e4ltigen. Die Welt der Suche hat sich schneller ver\u00e4ndert, als traditionelles SEO Schritt halten konnte. Manuelle Arbeit ist zu langsam, zu teuer und zu begrenzt, um in einer \u201eAI-first\u201c-Landschaft zu gewinnen. Von Tag eins an wurde Nova mit der \u00dcberzeugung entwickelt, dass Technologie, KI, Automatisierung und skalierbare Systeme der einzige Weg sind, um sowohl die Geschwindigkeit als auch die Qualit\u00e4t zu liefern, die modernes SEO erfordert.","button_label_dna":"Jetzt starten","button_url_dna":"\/kontakt","floating_icons_dna":"9","description_cta":"Sieh selbst, wie sich deine gesamte SEO-Strategie ganz ohne zus\u00e4tzlichen Aufwand von selbst aufbaut.","cards_how_0_title":"Technische Gesundheit","cards_how_0_description":"Indexierbarkeit, interne Koh\u00e4renz und kein doppelter \u201eshadow\u201c Content.","cards_how_1_title":"Themenabdeckung & Tiefe","cards_how_1_description":"Prozentsatz der Kundenfragen, die Sie inhaltlich sinnvoll abdecken.","cards_how_2_title":"Business Impact","cards_how_2_description":"Organische Leads, die Umsatz \u00fcber unbezahlte Kan\u00e4le generieren.","cards_how_3_title":"Qualit\u00e4tsscore","cards_how_3_description":"Faktizit\u00e4t, Klarheit und Markenstimme, gemessen an vereinbarten Standards.","cards_how_4_title":"Answer Share","cards_how_4_description":"Wie h\u00e4ufig Ihre Marke in KI-Antworten innerhalb Ihrer Themengebiete erscheint.","info_boxes_what_0_number":"80","info_boxes_what_0_title":"KI-Software","info_boxes_what_0_description":"80 % der Arbeit werden von Nova erledigt, die Tausende von Long-Tail-Fragen erfasst und Ihre Website f\u00fcr die GEO-Suche strukturiert, damit KI-Modelle Ihre Marke sofort verstehen. Sie erstellt automatisch die Strategie, k\u00fcmmert sich um die Content-Erstellung, das Clustering, die technische Optimierung und das Publishing auf allen g\u00e4ngigen CMS-Systemen.","info_boxes_what_1_number":"20","info_boxes_what_1_title":"Menschliches Bewusstsein","info_boxes_what_1_description":"Nova denkt, handelt und schreibt wie ein echter Mensch. Sie verleiht der KI-Funktionalit\u00e4t eine menschliche Note. Und unser pers\u00f6nlicher Ansatz sowie der direkte Mensch-zu-Mensch-Kontakt stellen sicher, dass Sie sich jederzeit geh\u00f6rt und unterst\u00fctzt f\u00fchlen.","info_boxes_what_2_number":"100","info_boxes_what_2_title":"Senior-Expertise","info_boxes_what_2_description":"Nova wurde von den Meistern des SEO-Spiels sorgf\u00e4ltig entwickelt, um die Sichtbarkeit bei Google und in KI-Suchmaschinen zu maximieren.","cards_what_0_title":"Marktver\u00e4nderung","cards_what_0_description":"Nova nutzt den entscheidenden Wandel des 21. Jahrhunderts: Die Art und Weise, wie Menschen suchen, ver\u00e4ndert sich \u2013 und Nova f\u00fchrt diese Ver\u00e4nderung an.","cards_what_0_icon":"1605","cards_what_1_title":"Long-Tail-Suche","cards_what_1_description":"Menschen stellen unz\u00e4hlige, spezifische Fragen. Diese erzeugen eine gr\u00f6\u00dfere Nachfrage als einfache Keywords. Nova dominiert den Long-Tail dort, wo es wirklich darauf ankommt.","cards_what_1_icon":"1606","cards_what_2_title":"Generative Engine Optimization","cards_what_2_description":"SEO hat sich in Richtung generativer Suchmaschinen wie ChatGPT und Gemini verlagert. Nova strukturiert Ihre Website so, dass Sie in deren Antworten erscheinen.","cards_what_2_icon":"1607","cards_what_3_title":"KI-automatisierte Software","cards_what_3_description":"Sie m\u00fcssen nichts tun: Nova erledigt alles mit professioneller Pr\u00e4zision und liefert konsistente Qualit\u00e4t zu geringeren Kosten und mit weniger Fehlern.","cards_what_3_icon":"1603","cards_what_4_title":"CMS-freundlich","cards_what_4_description":"Im Gegensatz zu den meisten KI-SEO-Tools arbeitet Nova mit allen g\u00e4ngigen CMS-Plattformen zusammen, sodass wir jeden unterst\u00fctzen k\u00f6nnen.","cards_what_4_icon":"1608","floating_icons_dna_0_title":"Auffindbarkeit & SEO-Strategie","floating_icons_dna_0_icon":"940","floating_icons_dna_1_title":"Content-Erstellung & Optimierung","floating_icons_dna_1_icon":"941","floating_icons_dna_2_title":"Technische Pr\u00fcfungen & Automatisierung","floating_icons_dna_2_icon":"942","floating_icons_dna_3_title":"Online-Sichtbarkeit & organische Reichweite","floating_icons_dna_3_icon":"943","floating_icons_dna_4_title":"Entwicklung & KI-gest\u00fctzte Tools","floating_icons_dna_4_icon":"944","floating_icons_dna_5_title":"Wachstum & Ergebnisse","floating_icons_dna_5_icon":"945","floating_icons_dna_6_title":"Informationsarchitektur","floating_icons_dna_6_icon":"947","floating_icons_dna_7_title":"KI & Automatisierung","floating_icons_dna_7_icon":"948","floating_icons_dna_8_title":"Geschwindigkeit & Skalierbarkeit","floating_icons_dna_8_icon":"949","floating_icons_dna_0_url":"#","floating_icons_dna_1_url":"#","floating_icons_dna_2_url":"#","floating_icons_dna_3_url":"#","floating_icons_dna_4_url":"#","floating_icons_dna_5_url":"#","floating_icons_dna_6_url":"#","floating_icons_dna_7_url":"#","floating_icons_dna_8_url":"#","cards_what_5_title":"Von SEO-Experten entwickelt","cards_what_5_description":"Angetrieben von unserer Leidenschaft f\u00fcr SEO haben wir ein All-Star-Team aus SEO-Engineers zusammengestellt und deren Fachwissen in unserer eigenen, KI-gest\u00fctzten Plattform geb\u00fcndelt.","cards_what_5_icon":"1609","main_title_pricing":"Lass uns wachsen","footnotes":"","rank_math_analytic_object_id":"225","yt_id":"mrYgUtEyOaQ","rank_math_seo_score":"14","classic-editor-remember":"block-editor","meta_title":"We turned SEO into Smart AI-Software %sep% InSpace","meta_description":"Strategic global &amp; local AI SEO software for Real Growth \u2014 Increase traffic and conversions with powerful, customized SEO strategies \ud83d\ude80\ud83d\ude80"},"meta_all_flat":{"rank_math_internal_links_processed":"1","title":"SEARCH IS EVERYTHING.","subtitle":"WIN CUSTOMERS ANYWHERE.","description":"At InSpace, we engineer next-gen SEO strategies powered by AI and deep data. No gimmicks, no paid ads, just sustainable, stellar growth guided by cosmic precision and cutting-edge SEO marketing.","description_about":"We navigate the complexities of search algorithms, audience behavior, and digital trends so you don't have to. With deep experience in SEO optimalization, we translate strategy into measurable performance.","clients_images.0":"449","clients_images.1":"460","clients_images.2":"464","clients_images.3":"468","clients_images.4":"470","clients_images.5":"517","small_title_cta":"KEINE ZEIT F\u00dcR SEO?","title_cta":"GUT. NOVA \u00dcBERNIMMT ES F\u00dcR DICH.","button_label_cta":"MEIN SEO AUTOMATISIEREN","button_url_cta":"\/Kontakt\/","small_title_pricing":"BEREIT ZU WACHSEN? LOS GEHT\u2019S!","title_pricing":"W\u00c4HLE DEINEN PLAN","title_faq":"FAQS","faq":"5","faq_0_title":"WHAT IS SEO?","faq_0_description":"Search Engine Optimization (SEO) is the practice of optimizing your website to rank higher in search engine results, driving organic traffic and increasing visibility.","faq_1_title":"DO YOU GUARANTEE RESULTS?","faq_1_description":"While we can't guarantee specific rankings, we guarantee our commitment to data-driven strategies that consistently improve your organic visibility and traffic.","faq_2_title":"WHAT SERVICES DO YOU OFFER?","faq_2_description":"From keyword mapping and content creation to audits and backlinks, we offer full-stack SEO marketing to accelerate your brand's success.","faq_3_title":"HOW CAN I START?","faq_3_description":"Getting started is simple. Contact us for a free consultation where we'll assess your current SEO status and create a customized strategy for your goals.","faq_4_title":"WHAT IS SEO?","faq_4_description":"Search Engine Optimization (SEO) is the practice of optimizing your website to rank higher in search engine results, driving organic traffic and increasing visibility.","rank_math_title":"We turned SEO into Smart AI-Software %sep% InSpace","rank_math_description":"Strategic global &amp; local AI SEO software for Real Growth \u2014 Increase traffic and conversions with powerful, customized SEO strategies \ud83d\ude80\ud83d\ude80","small_title_hero":"SEO hat sich ver\u00e4ndert","title_hero":"WIR HABEN SEO IN SMARTE KI-SOFTWARE VERWANDELT","description_hero":"Halbiere dein Marketingbudget und verdopple deinen Output mit Nova.","button_label_hero":"Jetzt zeigen lassen","button_url_hero":"\/Kontakt","small_title_why":"DIE WELT VER\u00c4NDERT SICH","title_why":"DIE SUCHE IST EXPLODIERT. <span>\u00dcBERHOLEN. ANF\u00dcHREN.<\/span>","description_why":"Unsere Mission ist es, skalierbare Sichtbarkeit f\u00fcr jede Marke zug\u00e4nglich zu machen. Unternehmer und kleine Unternehmen verdienen eine echte Wachstumschance. KI hat die Dynamik der Online-Suche ver\u00e4ndert, und wir sind hier, um diese Marktchance zu nutzen. InSpace liefert ein vollst\u00e4ndiges SEO-System, das auf jedem g\u00e4ngigen CMS und f\u00fcr jede Zielgruppe funktioniert \u2013 mit echter SEO-Expertise als Fundament. Wir l\u00f6sen die drei gr\u00f6\u00dften Verschiebungen in der modernen Suche mit einem Schlag: Long-Tail-Nachfrage, GEO-Sichtbarkeit und vollst\u00e4ndige Automatisierung.","video_why":"https:\/\/youtu.be\/mrYgUtEyOaQ","clients_title_why":"Sterne, die sich nicht mit dem Durchschnitt zufriedengeben.","clients_images_why":false,"small_title_how":"Wir fokussieren uns auf Ergebnisse","title_how":"Wir machen Technologie menschlich durch Automatisierung, die <span>wie ein Mensch denkt und sich anpasst.<\/span>","cards_how":"5","title_what":"Wir helfen Unternehmen, in der KI-Suche zu gewinnen. Lernen Sie Nova kennen:","info_boxes_what":"3","cards_what":"6","main_title_dna":"Technologie ist unsere DNA","title_dna":"SEO-Verstand und Entwickler-Magie","description_dna":"Denn das Problem, das wir l\u00f6sen, l\u00e4sst sich nicht allein durch menschliche Arbeit bew\u00e4ltigen. Die Welt der Suche hat sich schneller ver\u00e4ndert, als traditionelles SEO Schritt halten konnte. Manuelle Arbeit ist zu langsam, zu teuer und zu begrenzt, um in einer \u201eAI-first\u201c-Landschaft zu gewinnen. Von Tag eins an wurde Nova mit der \u00dcberzeugung entwickelt, dass Technologie, KI, Automatisierung und skalierbare Systeme der einzige Weg sind, um sowohl die Geschwindigkeit als auch die Qualit\u00e4t zu liefern, die modernes SEO erfordert.","button_label_dna":"Jetzt starten","button_url_dna":"\/kontakt","floating_icons_dna":"9","description_cta":"Sieh selbst, wie sich deine gesamte SEO-Strategie ganz ohne zus\u00e4tzlichen Aufwand von selbst aufbaut.","cards_how_0_title":"Technische Gesundheit","cards_how_0_description":"Indexierbarkeit, interne Koh\u00e4renz und kein doppelter \u201eshadow\u201c Content.","cards_how_1_title":"Themenabdeckung & Tiefe","cards_how_1_description":"Prozentsatz der Kundenfragen, die Sie inhaltlich sinnvoll abdecken.","cards_how_2_title":"Business Impact","cards_how_2_description":"Organische Leads, die Umsatz \u00fcber unbezahlte Kan\u00e4le generieren.","cards_how_3_title":"Qualit\u00e4tsscore","cards_how_3_description":"Faktizit\u00e4t, Klarheit und Markenstimme, gemessen an vereinbarten Standards.","cards_how_4_title":"Answer Share","cards_how_4_description":"Wie h\u00e4ufig Ihre Marke in KI-Antworten innerhalb Ihrer Themengebiete erscheint.","info_boxes_what_0_number":"80","info_boxes_what_0_title":"KI-Software","info_boxes_what_0_description":"80 % der Arbeit werden von Nova erledigt, die Tausende von Long-Tail-Fragen erfasst und Ihre Website f\u00fcr die GEO-Suche strukturiert, damit KI-Modelle Ihre Marke sofort verstehen. Sie erstellt automatisch die Strategie, k\u00fcmmert sich um die Content-Erstellung, das Clustering, die technische Optimierung und das Publishing auf allen g\u00e4ngigen CMS-Systemen.","info_boxes_what_1_number":"20","info_boxes_what_1_title":"Menschliches Bewusstsein","info_boxes_what_1_description":"Nova denkt, handelt und schreibt wie ein echter Mensch. Sie verleiht der KI-Funktionalit\u00e4t eine menschliche Note. Und unser pers\u00f6nlicher Ansatz sowie der direkte Mensch-zu-Mensch-Kontakt stellen sicher, dass Sie sich jederzeit geh\u00f6rt und unterst\u00fctzt f\u00fchlen.","info_boxes_what_2_number":"100","info_boxes_what_2_title":"Senior-Expertise","info_boxes_what_2_description":"Nova wurde von den Meistern des SEO-Spiels sorgf\u00e4ltig entwickelt, um die Sichtbarkeit bei Google und in KI-Suchmaschinen zu maximieren.","cards_what_0_title":"Marktver\u00e4nderung","cards_what_0_description":"Nova nutzt den entscheidenden Wandel des 21. Jahrhunderts: Die Art und Weise, wie Menschen suchen, ver\u00e4ndert sich \u2013 und Nova f\u00fchrt diese Ver\u00e4nderung an.","cards_what_0_icon":"1605","cards_what_1_title":"Long-Tail-Suche","cards_what_1_description":"Menschen stellen unz\u00e4hlige, spezifische Fragen. Diese erzeugen eine gr\u00f6\u00dfere Nachfrage als einfache Keywords. Nova dominiert den Long-Tail dort, wo es wirklich darauf ankommt.","cards_what_1_icon":"1606","cards_what_2_title":"Generative Engine Optimization","cards_what_2_description":"SEO hat sich in Richtung generativer Suchmaschinen wie ChatGPT und Gemini verlagert. Nova strukturiert Ihre Website so, dass Sie in deren Antworten erscheinen.","cards_what_2_icon":"1607","cards_what_3_title":"KI-automatisierte Software","cards_what_3_description":"Sie m\u00fcssen nichts tun: Nova erledigt alles mit professioneller Pr\u00e4zision und liefert konsistente Qualit\u00e4t zu geringeren Kosten und mit weniger Fehlern.","cards_what_3_icon":"1603","cards_what_4_title":"CMS-freundlich","cards_what_4_description":"Im Gegensatz zu den meisten KI-SEO-Tools arbeitet Nova mit allen g\u00e4ngigen CMS-Plattformen zusammen, sodass wir jeden unterst\u00fctzen k\u00f6nnen.","cards_what_4_icon":"1608","floating_icons_dna_0_title":"Auffindbarkeit & SEO-Strategie","floating_icons_dna_0_icon":"940","floating_icons_dna_1_title":"Content-Erstellung & Optimierung","floating_icons_dna_1_icon":"941","floating_icons_dna_2_title":"Technische Pr\u00fcfungen & Automatisierung","floating_icons_dna_2_icon":"942","floating_icons_dna_3_title":"Online-Sichtbarkeit & organische Reichweite","floating_icons_dna_3_icon":"943","floating_icons_dna_4_title":"Entwicklung & KI-gest\u00fctzte Tools","floating_icons_dna_4_icon":"944","floating_icons_dna_5_title":"Wachstum & Ergebnisse","floating_icons_dna_5_icon":"945","floating_icons_dna_6_title":"Informationsarchitektur","floating_icons_dna_6_icon":"947","floating_icons_dna_7_title":"KI & Automatisierung","floating_icons_dna_7_icon":"948","floating_icons_dna_8_title":"Geschwindigkeit & Skalierbarkeit","floating_icons_dna_8_icon":"949","floating_icons_dna_0_url":"#","floating_icons_dna_1_url":"#","floating_icons_dna_2_url":"#","floating_icons_dna_3_url":"#","floating_icons_dna_4_url":"#","floating_icons_dna_5_url":"#","floating_icons_dna_6_url":"#","floating_icons_dna_7_url":"#","floating_icons_dna_8_url":"#","cards_what_5_title":"Von SEO-Experten entwickelt","cards_what_5_description":"Angetrieben von unserer Leidenschaft f\u00fcr SEO haben wir ein All-Star-Team aus SEO-Engineers zusammengestellt und deren Fachwissen in unserer eigenen, KI-gest\u00fctzten Plattform geb\u00fcndelt.","cards_what_5_icon":"1609","main_title_pricing":"Lass uns wachsen","footnotes":"","rank_math_analytic_object_id":"225","yt_id":"mrYgUtEyOaQ","rank_math_seo_score":"14","classic-editor-remember":"block-editor","cards_how.0.title":"Technische Gesundheit","cards_how.0.description":"Indexierbarkeit, interne Koh\u00e4renz und kein doppelter \u201eshadow\u201c Content.","cards_how.1.title":"Themenabdeckung & Tiefe","cards_how.1.description":"Prozentsatz der Kundenfragen, die Sie inhaltlich sinnvoll abdecken.","cards_how.2.title":"Business Impact","cards_how.2.description":"Organische Leads, die Umsatz \u00fcber unbezahlte Kan\u00e4le generieren.","cards_how.3.title":"Qualit\u00e4tsscore","cards_how.3.description":"Faktizit\u00e4t, Klarheit und Markenstimme, gemessen an vereinbarten Standards.","cards_how.4.title":"Answer Share","cards_how.4.description":"Wie h\u00e4ufig Ihre Marke in KI-Antworten innerhalb Ihrer Themengebiete erscheint.","info_boxes_what.0.number":"80","info_boxes_what.0.title":"KI-Software","info_boxes_what.0.description":"80 % der Arbeit werden von Nova erledigt, die Tausende von Long-Tail-Fragen erfasst und Ihre Website f\u00fcr die GEO-Suche strukturiert, damit KI-Modelle Ihre Marke sofort verstehen. Sie erstellt automatisch die Strategie, k\u00fcmmert sich um die Content-Erstellung, das Clustering, die technische Optimierung und das Publishing auf allen g\u00e4ngigen CMS-Systemen.","info_boxes_what.1.number":"20","info_boxes_what.1.title":"Menschliches Bewusstsein","info_boxes_what.1.description":"Nova denkt, handelt und schreibt wie ein echter Mensch. Sie verleiht der KI-Funktionalit\u00e4t eine menschliche Note. Und unser pers\u00f6nlicher Ansatz sowie der direkte Mensch-zu-Mensch-Kontakt stellen sicher, dass Sie sich jederzeit geh\u00f6rt und unterst\u00fctzt f\u00fchlen.","info_boxes_what.2.number":"100","info_boxes_what.2.title":"Senior-Expertise","info_boxes_what.2.description":"Nova wurde von den Meistern des SEO-Spiels sorgf\u00e4ltig entwickelt, um die Sichtbarkeit bei Google und in KI-Suchmaschinen zu maximieren.","cards_what.0.title":"Marktver\u00e4nderung","cards_what.0.description":"Nova nutzt den entscheidenden Wandel des 21. Jahrhunderts: Die Art und Weise, wie Menschen suchen, ver\u00e4ndert sich \u2013 und Nova f\u00fchrt diese Ver\u00e4nderung an.","cards_what.0.icon":"https:\/\/inspace.io\/wp-content\/uploads\/2025\/12\/Market-change-1.png","cards_what.1.title":"Long-Tail-Suche","cards_what.1.description":"Menschen stellen unz\u00e4hlige, spezifische Fragen. Diese erzeugen eine gr\u00f6\u00dfere Nachfrage als einfache Keywords. Nova dominiert den Long-Tail dort, wo es wirklich darauf ankommt.","cards_what.1.icon":"https:\/\/inspace.io\/wp-content\/uploads\/2025\/12\/Long-Tail-1.png","cards_what.2.title":"Generative Engine Optimization","cards_what.2.description":"SEO hat sich in Richtung generativer Suchmaschinen wie ChatGPT und Gemini verlagert. Nova strukturiert Ihre Website so, dass Sie in deren Antworten erscheinen.","cards_what.2.icon":"https:\/\/inspace.io\/wp-content\/uploads\/2025\/12\/GEO-1.png","cards_what.3.title":"KI-automatisierte Software","cards_what.3.description":"Sie m\u00fcssen nichts tun: Nova erledigt alles mit professioneller Pr\u00e4zision und liefert konsistente Qualit\u00e4t zu geringeren Kosten und mit weniger Fehlern.","cards_what.3.icon":"https:\/\/inspace.io\/wp-content\/uploads\/2025\/12\/Automatic-1.png","cards_what.4.title":"CMS-freundlich","cards_what.4.description":"Im Gegensatz zu den meisten KI-SEO-Tools arbeitet Nova mit allen g\u00e4ngigen CMS-Plattformen zusammen, sodass wir jeden unterst\u00fctzen k\u00f6nnen.","cards_what.4.icon":"https:\/\/inspace.io\/wp-content\/uploads\/2025\/12\/CMS-1.png","cards_what.5.title":"Von SEO-Experten entwickelt","cards_what.5.description":"Angetrieben von unserer Leidenschaft f\u00fcr SEO haben wir ein All-Star-Team aus SEO-Engineers zusammengestellt und deren Fachwissen in unserer eigenen, KI-gest\u00fctzten Plattform geb\u00fcndelt.","cards_what.5.icon":"https:\/\/inspace.io\/wp-content\/uploads\/2025\/12\/SEO-Expertise-1.png","floating_icons_dna.0.title":"Auffindbarkeit & SEO-Strategie","floating_icons_dna.0.url":"#","floating_icons_dna.0.icon":"https:\/\/inspace.io\/wp-content\/uploads\/2025\/11\/GLOBE.png","floating_icons_dna.1.title":"Content-Erstellung & Optimierung","floating_icons_dna.1.url":"#","floating_icons_dna.1.icon":"https:\/\/inspace.io\/wp-content\/uploads\/2025\/11\/MAGNIFYING-GLASS.png","floating_icons_dna.2.title":"Technische Pr\u00fcfungen & Automatisierung","floating_icons_dna.2.url":"#","floating_icons_dna.2.icon":"https:\/\/inspace.io\/wp-content\/uploads\/2025\/11\/x33_.png","floating_icons_dna.3.title":"Online-Sichtbarkeit & organische Reichweite","floating_icons_dna.3.url":"#","floating_icons_dna.3.icon":"https:\/\/inspace.io\/wp-content\/uploads\/2025\/11\/DOCUMENT.png","floating_icons_dna.4.title":"Entwicklung & KI-gest\u00fctzte Tools","floating_icons_dna.4.url":"#","floating_icons_dna.4.icon":"https:\/\/inspace.io\/wp-content\/uploads\/2025\/11\/SETTING.png","floating_icons_dna.5.title":"Wachstum & Ergebnisse","floating_icons_dna.5.url":"#","floating_icons_dna.5.icon":"https:\/\/inspace.io\/wp-content\/uploads\/2025\/11\/BAR-CHART.png","floating_icons_dna.6.title":"Informationsarchitektur","floating_icons_dna.6.url":"#","floating_icons_dna.6.icon":"https:\/\/inspace.io\/wp-content\/uploads\/2025\/11\/primary.png","floating_icons_dna.7.title":"KI & Automatisierung","floating_icons_dna.7.url":"#","floating_icons_dna.7.icon":"https:\/\/inspace.io\/wp-content\/uploads\/2025\/11\/code.png","floating_icons_dna.8.title":"Geschwindigkeit & Skalierbarkeit","floating_icons_dna.8.url":"#","floating_icons_dna.8.icon":"https:\/\/inspace.io\/wp-content\/uploads\/2025\/11\/lock-alt-svgrepo-com.png","meta_title":"We turned SEO into Smart AI-Software %sep% InSpace","meta_description":"Strategic global &amp; local AI SEO software for Real Growth \u2014 Increase traffic and conversions with powerful, customized SEO strategies \ud83d\ude80\ud83d\ude80"},"acf":[],"_links":{"self":[{"href":"https:\/\/inspace.io\/de\/wp-json\/wp\/v2\/pages\/3318","targetHints":{"allow":["GET"]}}],"collection":[{"href":"https:\/\/inspace.io\/de\/wp-json\/wp\/v2\/pages"}],"about":[{"href":"https:\/\/inspace.io\/de\/wp-json\/wp\/v2\/types\/page"}],"author":[{"embeddable":true,"href":"https:\/\/inspace.io\/de\/wp-json\/wp\/v2\/users\/1"}],"replies":[{"embeddable":true,"href":"https:\/\/inspace.io\/de\/wp-json\/wp\/v2\/comments?post=3318"}],"version-history":[{"count":1,"href":"https:\/\/inspace.io\/de\/wp-json\/wp\/v2\/pages\/3318\/revisions"}],"predecessor-version":[{"id":3407,"href":"https:\/\/inspace.io\/de\/wp-json\/wp\/v2\/pages\/3318\/revisions\/3407"}],"wp:featuredmedia":[{"embeddable":true,"href":"https:\/\/inspace.io\/de\/wp-json\/wp\/v2\/media\/3320"}],"wp:attachment":[{"href":"https:\/\/inspace.io\/de\/wp-json\/wp\/v2\/media?parent=3318"}],"curies":[{"name":"wp","href":"https:\/\/api.w.org\/{rel}","templated":true}]}}