{"id":3249,"date":"2025-08-22T10:56:43","date_gmt":"2025-08-22T08:56:43","guid":{"rendered":"https:\/\/inspace.io\/contact"},"modified":"2026-03-23T11:41:53","modified_gmt":"2026-03-23T10:41:53","slug":"contact","status":"publish","type":"page","link":"https:\/\/inspace.io\/de\/contact","title":{"rendered":"Kontakt"},"content":{"rendered":"","protected":false},"excerpt":{"rendered":"","protected":false},"author":1,"featured_media":0,"parent":0,"menu_order":41,"comment_status":"closed","ping_status":"closed","template":"templates\/contact.php","meta":{"_acf_changed":false,"_genesis_title":"","_genesis_description":"","footnotes":""},"class_list":["post-3249","page","type-page","status-publish","hentry"],"meta_all":{"rank_math_internal_links_processed":"1","title":"LASS UNS REDEN","subtitle":"BEREIT, DEINE MISSION ZU STARTEN?","description":"Lass uns \u00fcber dein Projekt sprechen und herausfinden, wie unsere SEO-Expertise dein Wachstum f\u00f6rdern kann. Melde dich noch heute und lass uns gemeinsam etwas Au\u00dfergew\u00f6hnliches schaffen.","title_form":"Starte dein Projekt","description_form":"F\u00fclle das folgende Formular aus und wir melden uns innerhalb von 24 Stunden bei dir, um deine Projektanforderungen zu besprechen.","small_title_cta":"BEREIT MACHEN F\u00dcR DEN ABFLUG","title_cta":"LOS GEHT'S MIT INSPACE","description_cta":"Sichere dir deine kostenlose Session und entdecke das SEO-System, das f\u00fcr die KI-Revolution entwickelt wurde.","button_label_cta":"Kontaktiere uns noch heute","button_url_cta":"\/kontakt","title_team":"Gemini zei Experten. Entdecker. SEO-Ingenieure","description_team":"Von Datenanalysten bis hin zu Textern bringt jede Person an Bord scharfes Denken und fundiertes K\u00f6nnen mit. Egal, ob Sie mit einem Strategen oder einem technischen SEO-Spezialisten zusammenarbeiten, Sie sind in Expertenh\u00e4nden.","rank_math_analytic_object_id":"206","rank_math_seo_score":"7","classic-editor-remember":"block-editor"},"meta_all_flat":{"rank_math_internal_links_processed":"1","title":"LASS UNS REDEN","subtitle":"BEREIT, DEINE MISSION ZU STARTEN?","description":"Lass uns \u00fcber dein Projekt sprechen und herausfinden, wie unsere SEO-Expertise dein Wachstum f\u00f6rdern kann. Melde dich noch heute und lass uns gemeinsam etwas Au\u00dfergew\u00f6hnliches schaffen.","title_form":"Starte dein Projekt","description_form":"F\u00fclle das folgende Formular aus und wir melden uns innerhalb von 24 Stunden bei dir, um deine Projektanforderungen zu besprechen.","small_title_cta":"BEREIT MACHEN F\u00dcR DEN ABFLUG","title_cta":"LOS GEHT'S MIT INSPACE","description_cta":"Sichere dir deine kostenlose Session und entdecke das SEO-System, das f\u00fcr die KI-Revolution entwickelt wurde.","button_label_cta":"Kontaktiere uns noch heute","button_url_cta":"\/kontakt","title_team":"Gemini zei Experten. Entdecker. SEO-Ingenieure","description_team":"Von Datenanalysten bis hin zu Textern bringt jede Person an Bord scharfes Denken und fundiertes K\u00f6nnen mit. Egal, ob Sie mit einem Strategen oder einem technischen SEO-Spezialisten zusammenarbeiten, Sie sind in Expertenh\u00e4nden.","rank_math_analytic_object_id":"206","rank_math_seo_score":"7","classic-editor-remember":"block-editor"},"acf":[],"_links":{"self":[{"href":"https:\/\/inspace.io\/de\/wp-json\/wp\/v2\/pages\/3249","targetHints":{"allow":["GET"]}}],"collection":[{"href":"https:\/\/inspace.io\/de\/wp-json\/wp\/v2\/pages"}],"about":[{"href":"https:\/\/inspace.io\/de\/wp-json\/wp\/v2\/types\/page"}],"author":[{"embeddable":true,"href":"https:\/\/inspace.io\/de\/wp-json\/wp\/v2\/users\/1"}],"replies":[{"embeddable":true,"href":"https:\/\/inspace.io\/de\/wp-json\/wp\/v2\/comments?post=3249"}],"version-history":[{"count":2,"href":"https:\/\/inspace.io\/de\/wp-json\/wp\/v2\/pages\/3249\/revisions"}],"predecessor-version":[{"id":3870,"href":"https:\/\/inspace.io\/de\/wp-json\/wp\/v2\/pages\/3249\/revisions\/3870"}],"wp:attachment":[{"href":"https:\/\/inspace.io\/de\/wp-json\/wp\/v2\/media?parent=3249"}],"curies":[{"name":"wp","href":"https:\/\/api.w.org\/{rel}","templated":true}]}}