{"id":3227,"date":"2025-08-22T09:22:55","date_gmt":"2025-08-22T07:22:55","guid":{"rendered":"https:\/\/inspace.io\/?page_id=3227"},"modified":"2026-03-23T11:28:54","modified_gmt":"2026-03-23T10:28:54","slug":"uber-uns","status":"publish","type":"page","link":"https:\/\/inspace.io\/de\/uber-uns","title":{"rendered":"\u00dcber uns"},"content":{"rendered":"","protected":false},"excerpt":{"rendered":"","protected":false},"author":1,"featured_media":0,"parent":0,"menu_order":29,"comment_status":"closed","ping_status":"closed","template":"templates\/about.php","meta":{"_acf_changed":false,"_genesis_title":"","_genesis_description":"","footnotes":""},"class_list":["post-3227","page","type-page","status-publish","hentry"],"meta_all":{"rank_math_seo_score":"12","rank_math_internal_links_processed":"1","title":"GROW BEYOND","subtitle":"INSPACE IS YOUR DIGITAL BREEDING GROUND","description":"From data analysts to copywriters; every person on board brings sharp-thinking and deep skill. Whether you work with a strategist or a technical SEO specialist, you're in expert hands.","button_label":"GROW NOW","button_url":"https:\/\/api.inspace.io\/contact\/","small_title_principles":"WAS UNS ANTREIBT","title_principles":"PRINZIPIEN, DIE UNS <span>AUF KURS HALTEN<\/span>","cards_principles_0_title":"VITAL ","cards_principles_0_description":"Wir bringen positive Energie mit, weil wir lieben, was wir tun. Wir sind stolz auf unsere Arbeit und gehen bewusst mit unserer Zeit um.","cards_principles_1_title":"PIONIERLEISTUNG","cards_principles_1_description":"Wir fordern den Status quo heraus und gehen \u00fcber das hinaus, was andere f\u00fcr m\u00f6glich halten. Wenn eine L\u00f6sung nicht existiert, bauen wir sie.","cards_principles_2_title":"EXZELLENZ ","cards_principles_2_description":"Wir glauben, dass wir an die Spitze geh\u00f6ren. Wir streben danach, die Besten zu sein. Wachstum ist unsere Denkweise, und wir verfeinern st\u00e4ndig unser Handwerk.","cards_principles":"4","content_sections_0_small_title":"Den Orbit verlassen.","content_sections_0_title":"SETZE DEN NEUEN STANDARD F\u00dcR KI-SICHTBARKEIT","content_sections_0_description":"Wir definieren neu, was Sichtbarkeit im Zeitalter der KI bedeutet \u2013 nicht nur Platzierungen, sondern Autorit\u00e4t in Suchmaschinen und LLMs.","content_sections_1_small_title":"Den Traum liefern.","content_sections_1_title":"WIR STEUERN","content_sections_1_description":"Wir kombinieren Automatisierung mit echter SEO-Intelligenz, um zu steuern, wie KI deine Marke versteht. Technologie ist unser Werkzeug, Strategie ist unser Treiber.","content_sections_2_small_title":"Sinn definiert unseren Kurs","content_sections_2_title":"UNSERE MISSION","content_sections_2_description":"Eine Sichtbarkeits-Maschine zu bauen, die ambitionierten Marken strukturelle Dominanz in der Suche und in LLMs verleiht. Wir ersetzen teures manuelles SEO durch skalierbare KI-Systeme, die von echten Experten entwickelt wurden.","content_sections":"3","title_team":"EXPERTEN. ENTDECKER. SEO-INGENIEURE.","small_title_offices":"GALACTIC REACH, LOCAL ROOTS","title_offices":"GLOBAL GROWTH, POWERED FROM BRAINPORT","description_offices":"With headquarters in Eindhoven and clients worldwide, we combine local insight with universal scale. Visit our office or start your mission remotely; we work wherever growth is needed.","small_title_cta":"BEREIT ZU WACHSEN?","title_cta":"LASS UNS DEINEN ORGANISCHEN VORSPRUNG AUFBAUEN","description_cta":"Ein Anruf. Klare Antworten. Reales Wachstumspotenzial.","button_label_cta":"Kontaktiere uns noch heute","button_url_cta":"\/kontakt\/","description_team":"Von SEO-Geeks bis zu Entwicklern vereint unser Team technisches SEO-Know-how mit technischem Talent. Wir entwickeln die Systeme hinter Nova: von Long-Tail-Clustering \u00fcber Geo-Strukturen bis hin zu automatisiertem Publishing. Ob Strategist oder Ingenieur \u2013 bei uns arbeitest du mit Profis, die verstehen, wie moderne Suche wirklich funktioniert.","small_title_hero":"\u00dcBER UNS","title_hero":"SEO NEU DEFINIERT F\u00dcR DAS KI-ZEITALTER","description_hero":"Wir begannen als SEO-Spezialisten und entwickelten uns zu Ingenieuren, die ein vollautomatisiertes System f\u00fcr Long-Tail-Suche und GEO-Sichtbarkeit bauen. Nova verwandelt repetitive SEO-Arbeit in skalierbares, vorhersehbares Wachstum, konzipiert f\u00fcr Marken, die nachhaltige Autorit\u00e4t wollen, keine kurzfristigen Erfolge.","button_label_hero":"Lass uns wachsen","button_url_hero":"\/kontakt","content_sections_0_button_label":"Starte den Aufbruch","content_sections_0_button_url":"\/kontakt","content_sections_1_button_label":"Bereitstellung mit KI - Werden Sie Teil der Revolution","content_sections_1_button_url":"\/kontakt","content_sections_2_button_label":"Werde Teil der Revolution","content_sections_2_button_url":"\/Karriere","classic-editor-remember":"classic-editor","footnotes":"","rank_math_analytic_object_id":"230","cards_principles_3_title":"TECH-FOKUS ","cards_principles_3_description":"Wir glauben, dass Technologie, insbesondere KI, Unternehmen voranbringt. Sie liegt in unserer DNA. Wir nutzen Innovation, um intelligentere und schnellere Werte zu schaffen.","cards_principles_0_icon":"959","cards_principles_1_icon":"960","cards_principles_2_icon":"961","content_sections_0_icon":"965","content_sections_1_icon":"966","content_sections_2_icon":"967","cards_principles_3_icon":"965"},"meta_all_flat":{"rank_math_seo_score":"12","rank_math_internal_links_processed":"1","title":"GROW BEYOND","subtitle":"INSPACE IS YOUR DIGITAL BREEDING GROUND","description":"From data analysts to copywriters; every person on board brings sharp-thinking and deep skill. Whether you work with a strategist or a technical SEO specialist, you're in expert hands.","button_label":"GROW NOW","button_url":"https:\/\/api.inspace.io\/contact\/","small_title_principles":"WAS UNS ANTREIBT","title_principles":"PRINZIPIEN, DIE UNS <span>AUF KURS HALTEN<\/span>","cards_principles_0_title":"VITAL ","cards_principles_0_description":"Wir bringen positive Energie mit, weil wir lieben, was wir tun. Wir sind stolz auf unsere Arbeit und gehen bewusst mit unserer Zeit um.","cards_principles_1_title":"PIONIERLEISTUNG","cards_principles_1_description":"Wir fordern den Status quo heraus und gehen \u00fcber das hinaus, was andere f\u00fcr m\u00f6glich halten. Wenn eine L\u00f6sung nicht existiert, bauen wir sie.","cards_principles_2_title":"EXZELLENZ ","cards_principles_2_description":"Wir glauben, dass wir an die Spitze geh\u00f6ren. Wir streben danach, die Besten zu sein. Wachstum ist unsere Denkweise, und wir verfeinern st\u00e4ndig unser Handwerk.","cards_principles":"4","content_sections_0_small_title":"Den Orbit verlassen.","content_sections_0_title":"SETZE DEN NEUEN STANDARD F\u00dcR KI-SICHTBARKEIT","content_sections_0_description":"Wir definieren neu, was Sichtbarkeit im Zeitalter der KI bedeutet \u2013 nicht nur Platzierungen, sondern Autorit\u00e4t in Suchmaschinen und LLMs.","content_sections_1_small_title":"Den Traum liefern.","content_sections_1_title":"WIR STEUERN","content_sections_1_description":"Wir kombinieren Automatisierung mit echter SEO-Intelligenz, um zu steuern, wie KI deine Marke versteht. Technologie ist unser Werkzeug, Strategie ist unser Treiber.","content_sections_2_small_title":"Sinn definiert unseren Kurs","content_sections_2_title":"UNSERE MISSION","content_sections_2_description":"Eine Sichtbarkeits-Maschine zu bauen, die ambitionierten Marken strukturelle Dominanz in der Suche und in LLMs verleiht. Wir ersetzen teures manuelles SEO durch skalierbare KI-Systeme, die von echten Experten entwickelt wurden.","content_sections":"3","title_team":"EXPERTEN. ENTDECKER. SEO-INGENIEURE.","small_title_offices":"GALACTIC REACH, LOCAL ROOTS","title_offices":"GLOBAL GROWTH, POWERED FROM BRAINPORT","description_offices":"With headquarters in Eindhoven and clients worldwide, we combine local insight with universal scale. Visit our office or start your mission remotely; we work wherever growth is needed.","small_title_cta":"BEREIT ZU WACHSEN?","title_cta":"LASS UNS DEINEN ORGANISCHEN VORSPRUNG AUFBAUEN","description_cta":"Ein Anruf. Klare Antworten. Reales Wachstumspotenzial.","button_label_cta":"Kontaktiere uns noch heute","button_url_cta":"\/kontakt\/","description_team":"Von SEO-Geeks bis zu Entwicklern vereint unser Team technisches SEO-Know-how mit technischem Talent. Wir entwickeln die Systeme hinter Nova: von Long-Tail-Clustering \u00fcber Geo-Strukturen bis hin zu automatisiertem Publishing. Ob Strategist oder Ingenieur \u2013 bei uns arbeitest du mit Profis, die verstehen, wie moderne Suche wirklich funktioniert.","small_title_hero":"\u00dcBER UNS","title_hero":"SEO NEU DEFINIERT F\u00dcR DAS KI-ZEITALTER","description_hero":"Wir begannen als SEO-Spezialisten und entwickelten uns zu Ingenieuren, die ein vollautomatisiertes System f\u00fcr Long-Tail-Suche und GEO-Sichtbarkeit bauen. Nova verwandelt repetitive SEO-Arbeit in skalierbares, vorhersehbares Wachstum, konzipiert f\u00fcr Marken, die nachhaltige Autorit\u00e4t wollen, keine kurzfristigen Erfolge.","button_label_hero":"Lass uns wachsen","button_url_hero":"\/kontakt","content_sections_0_button_label":"Starte den Aufbruch","content_sections_0_button_url":"\/kontakt","content_sections_1_button_label":"Bereitstellung mit KI - Werden Sie Teil der Revolution","content_sections_1_button_url":"\/kontakt","content_sections_2_button_label":"Werde Teil der Revolution","content_sections_2_button_url":"\/Karriere","classic-editor-remember":"classic-editor","footnotes":"","rank_math_analytic_object_id":"230","cards_principles_3_title":"TECH-FOKUS ","cards_principles_3_description":"Wir glauben, dass Technologie, insbesondere KI, Unternehmen voranbringt. Sie liegt in unserer DNA. Wir nutzen Innovation, um intelligentere und schnellere Werte zu schaffen.","cards_principles_0_icon":"959","cards_principles_1_icon":"960","cards_principles_2_icon":"961","content_sections_0_icon":"965","content_sections_1_icon":"966","content_sections_2_icon":"967","cards_principles_3_icon":"965","cards_principles.0.title":"VITAL ","cards_principles.0.description":"Wir bringen positive Energie mit, weil wir lieben, was wir tun. Wir sind stolz auf unsere Arbeit und gehen bewusst mit unserer Zeit um.","cards_principles.0.icon":"https:\/\/inspace.io\/wp-content\/uploads\/2025\/11\/vip-1.png","cards_principles.1.title":"PIONIERLEISTUNG","cards_principles.1.description":"Wir fordern den Status quo heraus und gehen \u00fcber das hinaus, was andere f\u00fcr m\u00f6glich halten. Wenn eine L\u00f6sung nicht existiert, bauen wir sie.","cards_principles.1.icon":"https:\/\/inspace.io\/wp-content\/uploads\/2025\/11\/trophy-1.png","cards_principles.2.title":"EXZELLENZ ","cards_principles.2.description":"Wir glauben, dass wir an die Spitze geh\u00f6ren. Wir streben danach, die Besten zu sein. Wachstum ist unsere Denkweise, und wir verfeinern st\u00e4ndig unser Handwerk.","cards_principles.2.icon":"https:\/\/inspace.io\/wp-content\/uploads\/2025\/11\/graduation-1.png","cards_principles.3.title":"TECH-FOKUS ","cards_principles.3.description":"Wir glauben, dass Technologie, insbesondere KI, Unternehmen voranbringt. Sie liegt in unserer DNA. Wir nutzen Innovation, um intelligentere und schnellere Werte zu schaffen.","cards_principles.3.icon":"https:\/\/inspace.io\/wp-content\/uploads\/2025\/11\/target-1-1.png","content_sections.0.small_title":"Den Orbit verlassen.","content_sections.0.title":"SETZE DEN NEUEN STANDARD F\u00dcR KI-SICHTBARKEIT","content_sections.0.description":"Wir definieren neu, was Sichtbarkeit im Zeitalter der KI bedeutet \u2013 nicht nur Platzierungen, sondern Autorit\u00e4t in Suchmaschinen und LLMs.","content_sections.0.icon":"https:\/\/inspace.io\/wp-content\/uploads\/2025\/11\/target-1-1.png","content_sections.0.button_label":"Starte den Aufbruch","content_sections.0.button_url":"\/kontakt","content_sections.1.small_title":"Den Traum liefern.","content_sections.1.title":"WIR STEUERN","content_sections.1.description":"Wir kombinieren Automatisierung mit echter SEO-Intelligenz, um zu steuern, wie KI deine Marke versteht. Technologie ist unser Werkzeug, Strategie ist unser Treiber.","content_sections.1.icon":"https:\/\/inspace.io\/wp-content\/uploads\/2025\/11\/artificial-intelligence-1.png","content_sections.1.button_label":"Bereitstellung mit KI - Werden Sie Teil der Revolution","content_sections.1.button_url":"\/kontakt","content_sections.2.small_title":"Sinn definiert unseren Kurs","content_sections.2.title":"UNSERE MISSION","content_sections.2.description":"Eine Sichtbarkeits-Maschine zu bauen, die ambitionierten Marken strukturelle Dominanz in der Suche und in LLMs verleiht. Wir ersetzen teures manuelles SEO durch skalierbare KI-Systeme, die von echten Experten entwickelt wurden.","content_sections.2.icon":"https:\/\/inspace.io\/wp-content\/uploads\/2025\/11\/rocket-1-1.png","content_sections.2.button_label":"Werde Teil der Revolution","content_sections.2.button_url":"\/Karriere"},"acf":[],"_links":{"self":[{"href":"https:\/\/inspace.io\/de\/wp-json\/wp\/v2\/pages\/3227","targetHints":{"allow":["GET"]}}],"collection":[{"href":"https:\/\/inspace.io\/de\/wp-json\/wp\/v2\/pages"}],"about":[{"href":"https:\/\/inspace.io\/de\/wp-json\/wp\/v2\/types\/page"}],"author":[{"embeddable":true,"href":"https:\/\/inspace.io\/de\/wp-json\/wp\/v2\/users\/1"}],"replies":[{"embeddable":true,"href":"https:\/\/inspace.io\/de\/wp-json\/wp\/v2\/comments?post=3227"}],"version-history":[{"count":5,"href":"https:\/\/inspace.io\/de\/wp-json\/wp\/v2\/pages\/3227\/revisions"}],"predecessor-version":[{"id":3864,"href":"https:\/\/inspace.io\/de\/wp-json\/wp\/v2\/pages\/3227\/revisions\/3864"}],"wp:attachment":[{"href":"https:\/\/inspace.io\/de\/wp-json\/wp\/v2\/media?parent=3227"}],"curies":[{"name":"wp","href":"https:\/\/api.w.org\/{rel}","templated":true}]}}