{"id":3159,"date":"2025-08-22T10:14:18","date_gmt":"2025-08-22T08:14:18","guid":{"rendered":"https:\/\/inspace.io\/features"},"modified":"2026-03-12T08:50:40","modified_gmt":"2026-03-12T07:50:40","slug":"funktionen","status":"publish","type":"page","link":"https:\/\/inspace.io\/de\/funktionen","title":{"rendered":"Funktionen"},"content":{"rendered":"","protected":false},"excerpt":{"rendered":"","protected":false},"author":1,"featured_media":0,"parent":0,"menu_order":50,"comment_status":"closed","ping_status":"closed","template":"templates\/features-new.php","meta":{"_acf_changed":false,"_genesis_title":"","_genesis_description":"","footnotes":""},"class_list":["post-3159","page","type-page","status-publish","hentry"],"meta_all":{"rank_math_internal_links_processed":"1","title":"WAS NOVA F\u00dcR DICH TUT","subtitle":"AUTOMATISIERTE SEO-SOFTWARE, DIE FORTSCHRITT VORANTREIBT, STATT NUR ZU LIEFERN","description":"Nova verwandelt Suchanfragen in einen skalierbaren Wettbewerbsvorteil. Anstatt isolierten Keywords hinterherzujagen oder unzusammenh\u00e4ngenden Content zu ver\u00f6ffentlichen, baut Nova eine strukturierte Themenautorit\u00e4t \u00fcber deine gesamte Domain hinweg auf. Durch die Kombination von Long-Tail-Intelligence, GEO-Optimierung und Full-Stack-Automatisierung erfasst Nova kaufrelevante Suchanfragen sowohl in traditionellen Suchmaschinen als auch in KI-gesteuerten Umgebungen. Das Ergebnis ist ein vorhersagbares organisches Wachstum, geringere Akquisitionskosten und ein Sichtbarkeitssystem, das sich \u00fcber die Zeit selbst verst\u00e4rkt.","button_label":"START PROJECT","button_url":"https:\/\/inspace.io\/contact\/","title_info":"","description_info":"","small_title_cta":"MORE LEADS, LESS SPEND","title_cta":"SCALE ORGANICALLY WITHOUT HIRING","description_cta":"Get the power of an SEO team, at a predictable low cost.","button_label_cta":"SEE HOW IT WORKS","button_url_cta":"https:\/\/inspace.io\/contact","small_title":"UNSERE SERVICES","rank_math_analytic_object_id":"202","classic-editor-remember":"classic-editor","cards_0_title":"Long-Tail-Marktabdeckung","cards_0_description":"Nova identifiziert und erfasst Tausende von kaufrelevanten Long-Tail-Suchanfragen, die Ihre Konkurrenz \u00fcbersieht. Jede Kategorie, jeder Service und jede unterst\u00fctzende Seite wird zu einem strukturierten Einstiegspunkt in Ihren Markt.","cards_1_title":"GEO- & LLM-Sichtbarkeit","cards_1_description":"Nova strukturiert Ihre Inhalte und Entit\u00e4ten so, dass sie in KI-generierten Antworten bei ChatGPT, Gemini und neuen LLM-Suchplattformen erscheinen \u2013 und positioniert Ihre Marke so als vertrauensw\u00fcrdige Quelle.","cards_2_title":"Full-Stack-SEO-Automatisierung","cards_2_description":"Von der Strategie und dem Clustering \u00fcber die Content-Erstellung und semantische Optimierung bis hin zum Publishing und Monitoring: Nova automatisiert den gesamten SEO-Lebenszyklus, ohne dabei an Qualit\u00e4t oder Kontrolle einzub\u00fc\u00dfen.","cards":"3","wysiwyg_section":"<h2><b data-path-to-node=\"2\" data-index-in-node=\"0\">SEO-Infrastruktur, die messbares Wachstum vorantreibt<\/b><\/h2>\r\nBei InSpace bauen wir Sichtbarkeitssysteme. Durch die Kombination von KI-gesteuerter Automatisierung mit echter SEO-Expertise helfen wir ambitionierten Marken, Autorit\u00e4t aufzubauen, Nachfrage in gro\u00dfem Stil zu erfassen und die Abh\u00e4ngigkeit von bezahlter Akquise zu verringern. Das Ergebnis ist nicht einfach nur mehr Content, sondern strukturelles Wachstum.","small_title_deliver":"UNSERE LEISTUNGEN","title_deliver":"Unsere KI-Software umfasst:","cards_deliver_0_title":"Search Intelligence","cards_deliver_0_description":"Nova analysiert Wettbewerber, Content-L\u00fccken, Long-Tail-Nachfrage und GEO-Signale, um eine Roadmap f\u00fcr strukturelle Sichtbarkeit zu erstellen, was zu strategischer Marktautorit\u00e4t f\u00fchrt.","cards_deliver_1_title":"Strukturelle Autorit\u00e4t","cards_deliver_1_description":"Sichtbarkeit wird durch Architektur aufgebaut. Nova entwirft Themencluster, eliminiert Kannibalisierung und integriert technische Optimierung sowie strukturierte Daten, weshalb Suchmaschinen und LLMs Sie als Autorit\u00e4t in Ihrer Nische anerkennen.","cards_deliver_2_title":"Programmatische Skalierung","cards_deliver_2_description":"Manuelles SEO skaliert linear. Nova skaliert exponentiell. Sie generiert skalierbare Content-Frameworks \u00fcber Kategorien, Services und Long-Tail-Variationen hinweg.","cards_deliver_3_title":"KI-Content-Engine","cards_deliver_3_description":"Intent-gesteuerter Content, basierend auf echten SERP-Daten und semantischer Modellierung. Erstellt mit strategischen Metadaten, interner Verlinkung und Markenkonsistenz. H\u00f6herer Output. St\u00e4rkere Qualit\u00e4t. Nachhaltiges Wachstum der Autorit\u00e4t.","cards_deliver_4_title":"Automatisiertes Publishing & Interlinking","cards_deliver_4_description":"Content z\u00e4hlt nur, wenn er korrekt ausgespielt wird. Nova publiziert direkt in Ihr CMS mit sauberem HTML und intelligenter interner Verlinkung.","cards_deliver_5_title":"Performance- & Optimierungs-Loop","cards_deliver_5_description":"SEO ist ein System, keine Kampagne. Sie \u00fcberwacht Rankings, Long-Tail-Abdeckung und GEO-Sichtbarkeit und verbessert automatisch Seiten mit geringer Performance.","cards_deliver":"6","title_faq":"FAQ","description_faq":"H\u00e4ufig gestellte Fragen zu unserer Arbeit","faq_0_title":"Ist InSpace vollst\u00e4ndig automatisiert?","faq_0_description":"Ja, Nova skaliert mit Ihrer Marke. Von der Content-Generierung \u00fcber die Metadaten-Optimierung bis hin zum technischen GEO-Mapping \u00fcbernimmt das System die Hauptarbeit, w\u00e4hrend Sie \u00fcber unser Dashboard die volle strategische Kontrolle behalten.","faq_1_title":"Wie schnell werde ich Ergebnisse sehen?","faq_1_description":"Im Gegensatz zu traditionellem SEO, das Monate dauert, beschleunigt Nova den Prozess, indem sie Long-Tail- und GEO-Keywords sofort anspricht. Die meisten Kunden sehen innerhalb der ersten 30 bis 45 Tage einen deutlichen Anstieg der indexierten Seiten und des Traffics.","faq_2_title":"Funktioniert es f\u00fcr lokales SEO?","faq_2_description":"Absolut. Tats\u00e4chlich ist GEO-Targeting eine der gr\u00f6\u00dften St\u00e4rken von Nova. Wir erstellen hochrelevante lokale Landing-Strukturen, die generische Wettbewerber in spezifischen Regionen und St\u00e4dten \u00fcbertreffen.","faq":"3","title_contact":"SIE WISSEN,\r\nWO SIE UNS\r\nFINDEN","rank_math_seo_score":"12","image_contact":"3106","cards_0_image":"3098","cards_0_url":"3271","cards_1_image":"3100","cards_1_url":"3271","cards_2_image":"3102","cards_2_url":"3271"},"meta_all_flat":{"rank_math_internal_links_processed":"1","title":"WAS NOVA F\u00dcR DICH TUT","subtitle":"AUTOMATISIERTE SEO-SOFTWARE, DIE FORTSCHRITT VORANTREIBT, STATT NUR ZU LIEFERN","description":"Nova verwandelt Suchanfragen in einen skalierbaren Wettbewerbsvorteil. Anstatt isolierten Keywords hinterherzujagen oder unzusammenh\u00e4ngenden Content zu ver\u00f6ffentlichen, baut Nova eine strukturierte Themenautorit\u00e4t \u00fcber deine gesamte Domain hinweg auf. Durch die Kombination von Long-Tail-Intelligence, GEO-Optimierung und Full-Stack-Automatisierung erfasst Nova kaufrelevante Suchanfragen sowohl in traditionellen Suchmaschinen als auch in KI-gesteuerten Umgebungen. Das Ergebnis ist ein vorhersagbares organisches Wachstum, geringere Akquisitionskosten und ein Sichtbarkeitssystem, das sich \u00fcber die Zeit selbst verst\u00e4rkt.","button_label":"START PROJECT","button_url":"https:\/\/inspace.io\/contact\/","title_info":"","description_info":"","small_title_cta":"MORE LEADS, LESS SPEND","title_cta":"SCALE ORGANICALLY WITHOUT HIRING","description_cta":"Get the power of an SEO team, at a predictable low cost.","button_label_cta":"SEE HOW IT WORKS","button_url_cta":"https:\/\/inspace.io\/contact","small_title":"UNSERE SERVICES","rank_math_analytic_object_id":"202","classic-editor-remember":"classic-editor","cards_0_title":"Long-Tail-Marktabdeckung","cards_0_description":"Nova identifiziert und erfasst Tausende von kaufrelevanten Long-Tail-Suchanfragen, die Ihre Konkurrenz \u00fcbersieht. Jede Kategorie, jeder Service und jede unterst\u00fctzende Seite wird zu einem strukturierten Einstiegspunkt in Ihren Markt.","cards_1_title":"GEO- & LLM-Sichtbarkeit","cards_1_description":"Nova strukturiert Ihre Inhalte und Entit\u00e4ten so, dass sie in KI-generierten Antworten bei ChatGPT, Gemini und neuen LLM-Suchplattformen erscheinen \u2013 und positioniert Ihre Marke so als vertrauensw\u00fcrdige Quelle.","cards_2_title":"Full-Stack-SEO-Automatisierung","cards_2_description":"Von der Strategie und dem Clustering \u00fcber die Content-Erstellung und semantische Optimierung bis hin zum Publishing und Monitoring: Nova automatisiert den gesamten SEO-Lebenszyklus, ohne dabei an Qualit\u00e4t oder Kontrolle einzub\u00fc\u00dfen.","cards":"3","wysiwyg_section":"<h2><b data-path-to-node=\"2\" data-index-in-node=\"0\">SEO-Infrastruktur, die messbares Wachstum vorantreibt<\/b><\/h2>\n<p>Bei InSpace bauen wir Sichtbarkeitssysteme. Durch die Kombination von KI-gesteuerter Automatisierung mit echter SEO-Expertise helfen wir ambitionierten Marken, Autorit\u00e4t aufzubauen, Nachfrage in gro\u00dfem Stil zu erfassen und die Abh\u00e4ngigkeit von bezahlter Akquise zu verringern. Das Ergebnis ist nicht einfach nur mehr Content, sondern strukturelles Wachstum.<\/p>\n","small_title_deliver":"UNSERE LEISTUNGEN","title_deliver":"Unsere KI-Software umfasst:","cards_deliver_0_title":"Search Intelligence","cards_deliver_0_description":"Nova analysiert Wettbewerber, Content-L\u00fccken, Long-Tail-Nachfrage und GEO-Signale, um eine Roadmap f\u00fcr strukturelle Sichtbarkeit zu erstellen, was zu strategischer Marktautorit\u00e4t f\u00fchrt.","cards_deliver_1_title":"Strukturelle Autorit\u00e4t","cards_deliver_1_description":"Sichtbarkeit wird durch Architektur aufgebaut. Nova entwirft Themencluster, eliminiert Kannibalisierung und integriert technische Optimierung sowie strukturierte Daten, weshalb Suchmaschinen und LLMs Sie als Autorit\u00e4t in Ihrer Nische anerkennen.","cards_deliver_2_title":"Programmatische Skalierung","cards_deliver_2_description":"Manuelles SEO skaliert linear. Nova skaliert exponentiell. Sie generiert skalierbare Content-Frameworks \u00fcber Kategorien, Services und Long-Tail-Variationen hinweg.","cards_deliver_3_title":"KI-Content-Engine","cards_deliver_3_description":"Intent-gesteuerter Content, basierend auf echten SERP-Daten und semantischer Modellierung. Erstellt mit strategischen Metadaten, interner Verlinkung und Markenkonsistenz. H\u00f6herer Output. St\u00e4rkere Qualit\u00e4t. Nachhaltiges Wachstum der Autorit\u00e4t.","cards_deliver_4_title":"Automatisiertes Publishing & Interlinking","cards_deliver_4_description":"Content z\u00e4hlt nur, wenn er korrekt ausgespielt wird. Nova publiziert direkt in Ihr CMS mit sauberem HTML und intelligenter interner Verlinkung.","cards_deliver_5_title":"Performance- & Optimierungs-Loop","cards_deliver_5_description":"SEO ist ein System, keine Kampagne. Sie \u00fcberwacht Rankings, Long-Tail-Abdeckung und GEO-Sichtbarkeit und verbessert automatisch Seiten mit geringer Performance.","cards_deliver":"6","title_faq":"FAQ","description_faq":"H\u00e4ufig gestellte Fragen zu unserer Arbeit","faq_0_title":"Ist InSpace vollst\u00e4ndig automatisiert?","faq_0_description":"Ja, Nova skaliert mit Ihrer Marke. Von der Content-Generierung \u00fcber die Metadaten-Optimierung bis hin zum technischen GEO-Mapping \u00fcbernimmt das System die Hauptarbeit, w\u00e4hrend Sie \u00fcber unser Dashboard die volle strategische Kontrolle behalten.","faq_1_title":"Wie schnell werde ich Ergebnisse sehen?","faq_1_description":"Im Gegensatz zu traditionellem SEO, das Monate dauert, beschleunigt Nova den Prozess, indem sie Long-Tail- und GEO-Keywords sofort anspricht. Die meisten Kunden sehen innerhalb der ersten 30 bis 45 Tage einen deutlichen Anstieg der indexierten Seiten und des Traffics.","faq_2_title":"Funktioniert es f\u00fcr lokales SEO?","faq_2_description":"Absolut. Tats\u00e4chlich ist GEO-Targeting eine der gr\u00f6\u00dften St\u00e4rken von Nova. Wir erstellen hochrelevante lokale Landing-Strukturen, die generische Wettbewerber in spezifischen Regionen und St\u00e4dten \u00fcbertreffen.","faq":"3","title_contact":"SIE WISSEN,<br \/>\r\nWO SIE UNS<br \/>\r\nFINDEN","rank_math_seo_score":"12","image_contact":"https:\/\/inspace.io\/wp-content\/uploads\/2026\/02\/img-4.png","cards_0_image":"3098","cards_0_url":"3271","cards_1_image":"3100","cards_1_url":"3271","cards_2_image":"3102","cards_2_url":"3271","cards.0.title":"Long-Tail-Marktabdeckung","cards.0.description":"Nova identifiziert und erfasst Tausende von kaufrelevanten Long-Tail-Suchanfragen, die Ihre Konkurrenz \u00fcbersieht. Jede Kategorie, jeder Service und jede unterst\u00fctzende Seite wird zu einem strukturierten Einstiegspunkt in Ihren Markt.","cards.0.image":"https:\/\/inspace.io\/wp-content\/uploads\/2026\/02\/img-2.png","cards.0.url":"https:\/\/inspace.io\/de\/features\/programmatic-seo","cards.1.title":"GEO- & LLM-Sichtbarkeit","cards.1.description":"Nova strukturiert Ihre Inhalte und Entit\u00e4ten so, dass sie in KI-generierten Antworten bei ChatGPT, Gemini und neuen LLM-Suchplattformen erscheinen \u2013 und positioniert Ihre Marke so als vertrauensw\u00fcrdige Quelle.","cards.1.image":"https:\/\/inspace.io\/wp-content\/uploads\/2026\/02\/img-3.png","cards.1.url":"https:\/\/inspace.io\/de\/features\/programmatic-seo","cards.2.title":"Full-Stack-SEO-Automatisierung","cards.2.description":"Von der Strategie und dem Clustering \u00fcber die Content-Erstellung und semantische Optimierung bis hin zum Publishing und Monitoring: Nova automatisiert den gesamten SEO-Lebenszyklus, ohne dabei an Qualit\u00e4t oder Kontrolle einzub\u00fc\u00dfen.","cards.2.image":"https:\/\/inspace.io\/wp-content\/uploads\/2026\/02\/img-1.png","cards.2.url":"https:\/\/inspace.io\/de\/features\/programmatic-seo","cards_deliver.0.title":"Search Intelligence","cards_deliver.0.description":"Nova analysiert Wettbewerber, Content-L\u00fccken, Long-Tail-Nachfrage und GEO-Signale, um eine Roadmap f\u00fcr strukturelle Sichtbarkeit zu erstellen, was zu strategischer Marktautorit\u00e4t f\u00fchrt.","cards_deliver.1.title":"Strukturelle Autorit\u00e4t","cards_deliver.1.description":"Sichtbarkeit wird durch Architektur aufgebaut. Nova entwirft Themencluster, eliminiert Kannibalisierung und integriert technische Optimierung sowie strukturierte Daten, weshalb Suchmaschinen und LLMs Sie als Autorit\u00e4t in Ihrer Nische anerkennen.","cards_deliver.2.title":"Programmatische Skalierung","cards_deliver.2.description":"Manuelles SEO skaliert linear. Nova skaliert exponentiell. Sie generiert skalierbare Content-Frameworks \u00fcber Kategorien, Services und Long-Tail-Variationen hinweg.","cards_deliver.3.title":"KI-Content-Engine","cards_deliver.3.description":"Intent-gesteuerter Content, basierend auf echten SERP-Daten und semantischer Modellierung. Erstellt mit strategischen Metadaten, interner Verlinkung und Markenkonsistenz. H\u00f6herer Output. St\u00e4rkere Qualit\u00e4t. Nachhaltiges Wachstum der Autorit\u00e4t.","cards_deliver.4.title":"Automatisiertes Publishing & Interlinking","cards_deliver.4.description":"Content z\u00e4hlt nur, wenn er korrekt ausgespielt wird. Nova publiziert direkt in Ihr CMS mit sauberem HTML und intelligenter interner Verlinkung.","cards_deliver.5.title":"Performance- & Optimierungs-Loop","cards_deliver.5.description":"SEO ist ein System, keine Kampagne. Sie \u00fcberwacht Rankings, Long-Tail-Abdeckung und GEO-Sichtbarkeit und verbessert automatisch Seiten mit geringer Performance.","faq.0.title":"Ist InSpace vollst\u00e4ndig automatisiert?","faq.0.description":"Ja, Nova skaliert mit Ihrer Marke. Von der Content-Generierung \u00fcber die Metadaten-Optimierung bis hin zum technischen GEO-Mapping \u00fcbernimmt das System die Hauptarbeit, w\u00e4hrend Sie \u00fcber unser Dashboard die volle strategische Kontrolle behalten.","faq.1.title":"Wie schnell werde ich Ergebnisse sehen?","faq.1.description":"Im Gegensatz zu traditionellem SEO, das Monate dauert, beschleunigt Nova den Prozess, indem sie Long-Tail- und GEO-Keywords sofort anspricht. Die meisten Kunden sehen innerhalb der ersten 30 bis 45 Tage einen deutlichen Anstieg der indexierten Seiten und des Traffics.","faq.2.title":"Funktioniert es f\u00fcr lokales SEO?","faq.2.description":"Absolut. Tats\u00e4chlich ist GEO-Targeting eine der gr\u00f6\u00dften St\u00e4rken von Nova. Wir erstellen hochrelevante lokale Landing-Strukturen, die generische Wettbewerber in spezifischen Regionen und St\u00e4dten \u00fcbertreffen."},"acf":[],"_links":{"self":[{"href":"https:\/\/inspace.io\/de\/wp-json\/wp\/v2\/pages\/3159","targetHints":{"allow":["GET"]}}],"collection":[{"href":"https:\/\/inspace.io\/de\/wp-json\/wp\/v2\/pages"}],"about":[{"href":"https:\/\/inspace.io\/de\/wp-json\/wp\/v2\/types\/page"}],"author":[{"embeddable":true,"href":"https:\/\/inspace.io\/de\/wp-json\/wp\/v2\/users\/1"}],"replies":[{"embeddable":true,"href":"https:\/\/inspace.io\/de\/wp-json\/wp\/v2\/comments?post=3159"}],"version-history":[{"count":3,"href":"https:\/\/inspace.io\/de\/wp-json\/wp\/v2\/pages\/3159\/revisions"}],"predecessor-version":[{"id":3494,"href":"https:\/\/inspace.io\/de\/wp-json\/wp\/v2\/pages\/3159\/revisions\/3494"}],"wp:attachment":[{"href":"https:\/\/inspace.io\/de\/wp-json\/wp\/v2\/media?parent=3159"}],"curies":[{"name":"wp","href":"https:\/\/api.w.org\/{rel}","templated":true}]}}